{"id":89,"date":"2025-07-08T13:55:28","date_gmt":"2025-07-08T13:55:28","guid":{"rendered":"https:\/\/carvalhahouse.pt\/?page_id=89"},"modified":"2026-04-10T14:08:20","modified_gmt":"2026-04-10T14:08:20","slug":"conditions-generales","status":"publish","type":"page","link":"https:\/\/carvalhahouse.pt\/fr\/termos-condicoes\/","title":{"rendered":"Conditions g\u00e9n\u00e9rales d'utilisation"},"content":{"rendered":"[et_pb_section fb_built=&#8221;1&#8243; _builder_version=&#8221;4.27.4&#8243; _module_preset=&#8221;default&#8221; background_color=&#8221;rgba(0,0,0,0.5)&#8221; background_image=&#8221;https:\/\/carvalhahouse.pt\/wp-content\/uploads\/2025\/07\/IMG_3997.jpg&#8221; background_blend=&#8221;overlay&#8221; custom_padding=&#8221;||||false|false&#8221; global_colors_info=&#8221;{}&#8221;][et_pb_row _builder_version=&#8221;4.27.4&#8243; _module_preset=&#8221;default&#8221; global_colors_info=&#8221;{}&#8221;][et_pb_column type=&#8221;4_4&#8243; _builder_version=&#8221;4.27.4&#8243; _module_preset=&#8221;default&#8221; global_colors_info=&#8221;{}&#8221;][et_pb_text _builder_version=&#8221;4.27.4&#8243; _dynamic_attributes=&#8221;content&#8221; _module_preset=&#8221;default&#8221; text_font=&#8221;Raleway|800|||||||&#8221; text_text_color=&#8221;#FFFFFF&#8221; text_font_size=&#8221;2rem&#8221; text_orientation=&#8221;center&#8221; global_colors_info=&#8221;{}&#8221;]@ET-DC@eyJkeW5hbWljIjp0cnVlLCJjb250ZW50IjoicG9zdF90aXRsZSIsInNldHRpbmdzIjp7ImJlZm9yZSI6IiIsImFmdGVyIjoiIn19@[\/et_pb_text][\/et_pb_column][\/et_pb_row][\/et_pb_section][et_pb_section fb_built=&#8221;1&#8243; _builder_version=&#8221;4.27.4&#8243; _module_preset=&#8221;default&#8221; background_color=&#8221;gcid-a6bb7b13-d198-4f5a-8e4c-6ce2b4a392e1&#8243; min_height=&#8221;60vh&#8221; global_colors_info=&#8221;{%22gcid-a6bb7b13-d198-4f5a-8e4c-6ce2b4a392e1%22:%91%22background_color%22%93}&#8221;][et_pb_row _builder_version=&#8221;4.27.4&#8243; _module_preset=&#8221;default&#8221; width=&#8221;60%&#8221; max_width=&#8221;100%&#8221; module_alignment=&#8221;center&#8221; custom_margin=&#8221;0vh|auto||auto|false|false&#8221; global_colors_info=&#8221;{}&#8221;][et_pb_column type=&#8221;4_4&#8243; _builder_version=&#8221;4.27.4&#8243; _module_preset=&#8221;default&#8221; global_colors_info=&#8221;{}&#8221;][et_pb_text admin_label=&#8221;Text&#8221; _builder_version=&#8221;4.27.6&#8243; text_text_color=&#8221;#000000&#8243; text_font_size=&#8221;1em&#8221; background_size=&#8221;initial&#8221; background_position=&#8221;top_left&#8221; background_repeat=&#8221;repeat&#8221; hover_enabled=&#8221;0&#8243; global_colors_info=&#8221;{}&#8221; sticky_enabled=&#8221;0&#8243;]<p><strong>CONDI\u00c7\u00d5ES DE PAGAMENTO<\/strong><\/p>\n<p><\/p>\n<p>Meios de Pagamento aceites: numer\u00e1rio, transfer\u00eancia banc\u00e1ria e Mbway (Portugal)<\/p>\n<p><\/p>\n<p>Todos os pagamentos ser\u00e3o processados na sa\u00edda do alojamento Carvalha House, a menos que se indique o contr\u00e1rio nas condi\u00e7\u00f5es da reserva ou dos quartos.<\/p>\n<p><\/p>\n<p><strong>Ckeck in \/ Check out<\/strong><\/p>\n<p><\/p>\n<p>O check-in pode ser efectuado a partir das 15:00h e o check-out deve ser feito at\u00e9 \u00e0s 12:00h.<\/p>\n<p><\/p>\n<p><strong>CANCELAMENTO DE RESERVA<\/strong><\/p>\n<p><\/p>\n<p>Em caso de interrup\u00e7\u00e3o da estadia, ser\u00e1 cobrada a totalidade do pre\u00e7o.<\/p>\n<p><\/p>\n<p>Salvo indica\u00e7\u00e3o em contr\u00e1rio, o cliente dever\u00e1 deixar o quarto at\u00e9 \u00e0s 12 horas do dia do fim da reserva. Perante o incumprimento desta regra, ser\u00e1 faturada ao cliente uma noite suplementar.<\/p>\n<p><\/p>\n<p>Em caso de dep\u00f3sito, n\u00e3o ocorrer\u00e1 nenhum reembolso, salvo situa\u00e7\u00f5es excecionais e previamente comunicadas \u00e0 Ger\u00eancia da Carvalha House, de acordo com motivo perfeitamente atend\u00edvel e com a devida anteced\u00eancia:<\/p>\n<ul class=\"wp-block-list\">\n<ul class=\"wp-block-list\">\n<li>30 dias da entrada \u2013 Tem direito ao reembolso da totalidade do valor pago de reserva<\/li>\n<\/ul>\n<\/ul>\n<p><\/p>\n<ul class=\"wp-block-list\">\n<ul class=\"wp-block-list\">\n<li>15 dias da entrada \u2013 Tem direito ao reembolso de 50% do valor pago de reserva.<\/li>\n<\/ul>\n<\/ul>\n<p><\/p>\n<ul class=\"wp-block-list\">\n<ul class=\"wp-block-list\">\n<li>No dia da entrada \u2013 O cliente deve pagar a totalidade do valor de reserva.<\/li>\n<\/ul>\n<\/ul>\n<p><\/p>\n<p><\/p>\n<p>As Altera\u00e7\u00f5es de reservas devem ser efetuadas por escrito, mencionando expressamente as altera\u00e7\u00f5es pretendidas. A aceita\u00e7\u00e3o das altera\u00e7\u00f5es ficar\u00e1 dependente da disponibilidade da Carvalha House<\/p>\n<p><\/p>\n<p><strong>POL\u00cdTICA DE ANIMAIS<\/strong><\/p>\n<p><\/p>\n<p>Animais de estima\u00e7\u00e3o n\u00e3o admitidos.<\/p>\n<p><\/p>[\/et_pb_text][\/et_pb_column][\/et_pb_row][\/et_pb_section]","protected":false},"excerpt":{"rendered":"<p>CONDI\u00c7\u00d5ES DE PAGAMENTO Meios de Pagamento aceites: numer\u00e1rio, transfer\u00eancia banc\u00e1ria e Mbway (Portugal) Todos os pagamentos ser\u00e3o processados na sa\u00edda do alojamento Carvalha House, a menos que se indique o contr\u00e1rio nas condi\u00e7\u00f5es da reserva ou dos quartos. Ckeck in \/ Check out O check-in pode ser efectuado a partir das 15:00h e o check-out [&hellip;]<\/p>\n","protected":false},"author":2,"featured_media":0,"parent":0,"menu_order":0,"comment_status":"closed","ping_status":"closed","template":"","meta":{"_et_pb_use_builder":"on","_et_pb_old_content":"<!-- wp:paragraph -->\n<p><strong>CONDI\u00c7\u00d5ES DE PAGAMENTO<\/strong><\/p>\n<!-- \/wp:paragraph -->\n\n<!-- wp:paragraph -->\n<p>Meios de Pagamento aceites: numer\u00e1rio, Multibanco, Visa, Mastercard.<\/p>\n<!-- \/wp:paragraph -->\n\n<!-- wp:paragraph -->\n<p>Todos os pagamentos ser\u00e3o processados na sa\u00edda do alojamento Carvalha House, a menos que se indique o contr\u00e1rio nas condi\u00e7\u00f5es da reserva ou dos quartos.<\/p>\n<!-- \/wp:paragraph -->\n\n<!-- wp:paragraph -->\n<p><strong>Ckeck in \/ Check out<\/strong><\/p>\n<!-- \/wp:paragraph -->\n\n<!-- wp:paragraph -->\n<p>O check-in pode ser efectuado a partir das 14:00h e o check-out deve ser feito at\u00e9 \u00e0s 12:00h.<\/p>\n<!-- \/wp:paragraph -->\n\n<!-- wp:paragraph -->\n<p><strong>CANCELAMENTO DE RESERVA<\/strong><\/p>\n<!-- \/wp:paragraph -->\n\n<!-- wp:paragraph -->\n<p>Em caso de interrup\u00e7\u00e3o da estadia, ser\u00e1 cobrada a totalidade do pre\u00e7o.<\/p>\n<!-- \/wp:paragraph -->\n\n<!-- wp:paragraph -->\n<p>Salvo indica\u00e7\u00e3o em contr\u00e1rio, o cliente dever\u00e1 deixar o quarto at\u00e9 \u00e0s 12 horas do dia do fim da reserva. Perante o incumprimento desta regra, ser\u00e1 faturada ao cliente uma noite suplementar.<\/p>\n<!-- \/wp:paragraph -->\n\n<!-- wp:paragraph -->\n<p>Em caso de dep\u00f3sito, n\u00e3o ocorrer\u00e1 nenhum reembolso, salvo situa\u00e7\u00f5es excecionais e previamente comunicadas \u00e0 Ger\u00eancia da Carvalha House, de acordo com motivo perfeitamente atend\u00edvel e com a devida anteced\u00eancia:<\/p>\n<!-- \/wp:paragraph -->\n\n<!-- wp:list -->\n<ul class=\"wp-block-list\"><!-- wp:list-item -->\n<li>30 dias da entrada \u2013 Tem direito ao reembolso da totalidade do valor pago de reserva.<\/li>\n<!-- \/wp:list-item -->\n\n<!-- wp:list-item -->\n<li>15 dias da entrada \u2013 Tem direito ao reembolso de 50% do valor pago de reserva.<\/li>\n<!-- \/wp:list-item -->\n\n<!-- wp:list-item -->\n<li>No dia da entrada \u2013 O cliente deve pagar a totalidade do valor de reserva.<\/li>\n<!-- \/wp:list-item --><\/ul>\n<!-- \/wp:list -->\n\n<!-- wp:paragraph -->\n<p>As Altera\u00e7\u00f5es de reservas devem ser efetuadas por escrito, mencionando expressamente as altera\u00e7\u00f5es pretendidas. A aceita\u00e7\u00e3o das altera\u00e7\u00f5es ficar\u00e1 dependente da disponibilidade da Casa Altamira.<\/p>\n<!-- \/wp:paragraph -->\n\n<!-- wp:paragraph -->\n<p><strong>POL\u00cdTICA DE ANIMAIS<\/strong><\/p>\n<!-- \/wp:paragraph -->\n\n<!-- wp:paragraph -->\n<p>Animais de estima\u00e7\u00e3o n\u00e3o admitidos.<\/p>\n<!-- \/wp:paragraph -->","_et_gb_content_width":"1080","footnotes":""},"hf_cat_page":[],"class_list":["post-89","page","type-page","status-publish","hentry"],"_links":{"self":[{"href":"https:\/\/carvalhahouse.pt\/fr\/wp-json\/wp\/v2\/pages\/89","targetHints":{"allow":["GET"]}}],"collection":[{"href":"https:\/\/carvalhahouse.pt\/fr\/wp-json\/wp\/v2\/pages"}],"about":[{"href":"https:\/\/carvalhahouse.pt\/fr\/wp-json\/wp\/v2\/types\/page"}],"author":[{"embeddable":true,"href":"https:\/\/carvalhahouse.pt\/fr\/wp-json\/wp\/v2\/users\/2"}],"replies":[{"embeddable":true,"href":"https:\/\/carvalhahouse.pt\/fr\/wp-json\/wp\/v2\/comments?post=89"}],"version-history":[{"count":1,"href":"https:\/\/carvalhahouse.pt\/fr\/wp-json\/wp\/v2\/pages\/89\/revisions"}],"predecessor-version":[{"id":1510,"href":"https:\/\/carvalhahouse.pt\/fr\/wp-json\/wp\/v2\/pages\/89\/revisions\/1510"}],"wp:attachment":[{"href":"https:\/\/carvalhahouse.pt\/fr\/wp-json\/wp\/v2\/media?parent=89"}],"wp:term":[{"taxonomy":"hf_cat_page","embeddable":true,"href":"https:\/\/carvalhahouse.pt\/fr\/wp-json\/wp\/v2\/hf_cat_page?post=89"}],"curies":[{"name":"wp","href":"https:\/\/api.w.org\/{rel}","templated":true}]}}