{"id":50,"date":"2025-07-08T10:42:30","date_gmt":"2025-07-08T10:42:30","guid":{"rendered":"https:\/\/carvalhahouse.pt\/?page_id=50"},"modified":"2025-08-21T11:40:00","modified_gmt":"2025-08-21T11:40:00","slug":"hebergement","status":"publish","type":"page","link":"https:\/\/carvalhahouse.pt\/fr\/alojamento\/","title":{"rendered":"H\u00e9bergement"},"content":{"rendered":"<p>[et_pb_section fb_built=&#8221;1&#8243; fullwidth=&#8221;on&#8221; _builder_version=&#8221;4.27.4&#8243; _module_preset=&#8221;default&#8221; global_colors_info=&#8221;{}&#8221;][et_pb_fullwidth_slider _builder_version=&#8221;4.27.4&#8243; _module_preset=&#8221;default&#8221; header_font=&#8221;||||||||&#8221; header_font_size=&#8221;4rem&#8221; header_font_size_tablet=&#8221;4rem&#8221; header_font_size_phone=&#8221;2rem&#8221; header_font_size_last_edited=&#8221;on|phone&#8221; global_colors_info=&#8221;{}&#8221;][et_pb_slide heading=&#8221;Carvalha Serra&#8221; button_text=&#8221;Ver mais&#8221; button_link=&#8221;https:\/\/carvalhahouse.pt\/carvalha-serra&#8221; use_bg_overlay=&#8221;on&#8221; _builder_version=&#8221;4.27.4&#8243; _module_preset=&#8221;default&#8221; header_level=&#8221;h2&#8243; header_font=&#8221;Raleway||||||||&#8221; header_font_size=&#8221;5rem&#8221; background_enable_color=&#8221;off&#8221; background_image=&#8221;https:\/\/carvalhahouse.pt\/wp-content\/uploads\/2025\/08\/carvalhahouse_mainbg-1.webp&#8221; background_enable_image=&#8221;on&#8221; custom_button=&#8221;on&#8221; button_text_size=&#8221;1rem&#8221; button_font=&#8221;Raleway||||||||&#8221; text_orientation=&#8221;center&#8221; header_font_size_tablet=&#8221;3rem&#8221; header_font_size_phone=&#8221;3rem&#8221; header_font_size_last_edited=&#8221;on|phone&#8221; global_colors_info=&#8221;{}&#8221; sticky_transition=&#8221;on&#8221;][\/et_pb_slide][et_pb_slide heading=&#8221;Carvalha Espigueiro&#8221; button_text=&#8221;Ver mais&#8221; button_link=&#8221;https:\/\/carvalhahouse.pt\/carvalha-espigueiro\/&#8221; use_bg_overlay=&#8221;on&#8221; _builder_version=&#8221;4.27.4&#8243; _module_preset=&#8221;default&#8221; header_level=&#8221;h2&#8243; header_font=&#8221;Raleway||||||||&#8221; header_font_size=&#8221;3rem&#8221; background_enable_color=&#8221;off&#8221; background_image=&#8221;https:\/\/carvalhahouse.pt\/wp-content\/uploads\/2025\/08\/073.webp&#8221; background_enable_image=&#8221;on&#8221; custom_button=&#8221;on&#8221; button_text_size=&#8221;1rem&#8221; button_font=&#8221;Raleway||||||||&#8221; text_orientation=&#8221;center&#8221; global_colors_info=&#8221;{}&#8221; sticky_transition=&#8221;on&#8221;][\/et_pb_slide][\/et_pb_fullwidth_slider][\/et_pb_section][et_pb_section fb_built=&#8221;1&#8243; _builder_version=&#8221;4.27.4&#8243; _module_preset=&#8221;default&#8221; background_color=&#8221;gcid-a6bb7b13-d198-4f5a-8e4c-6ce2b4a392e1&#8243; global_colors_info=&#8221;{%22gcid-a6bb7b13-d198-4f5a-8e4c-6ce2b4a392e1%22:%91%22background_color%22%93}&#8221;][et_pb_row column_structure=&#8221;1_3,1_3,1_3&#8243; use_custom_gutter=&#8221;on&#8221; make_equal=&#8221;on&#8221; _builder_version=&#8221;4.27.4&#8243; _module_preset=&#8221;default&#8221; width=&#8221;90%&#8221; max_width=&#8221;1920px&#8221; global_colors_info=&#8221;{}&#8221;][et_pb_column type=&#8221;1_3&#8243; _builder_version=&#8221;4.27.4&#8243; _module_preset=&#8221;default&#8221; pac_dcm_carousel_specific_module_num=&#8221;0&#8243; global_colors_info=&#8221;{}&#8221;][et_pb_text _builder_version=&#8221;4.27.4&#8243; _module_preset=&#8221;default&#8221; text_font=&#8221;Raleway|300|||||||&#8221; text_text_color=&#8221;gcid-primary-color&#8221; text_font_size=&#8221;4rem&#8221; text_line_height=&#8221;1.2em&#8221; text_font_size_tablet=&#8221;3rem&#8221; text_font_size_phone=&#8221;3rem&#8221; text_font_size_last_edited=&#8221;on|phone&#8221; global_colors_info=&#8221;{%22gcid-primary-color%22:%91%22text_text_color%22,%22text_text_color%22%93}&#8221;]<\/p>\n<p>Desfrute de uma estadia de sonho.<\/p>\n<p>[\/et_pb_text][\/et_pb_column][et_pb_column type=&#8221;1_3&#8243; _builder_version=&#8221;4.27.4&#8243; _module_preset=&#8221;default&#8221; pac_dcm_carousel_specific_module_num=&#8221;0&#8243; global_colors_info=&#8221;{}&#8221;][et_pb_blurb title=&#8221;Carvalha Serra&#8221; url=&#8221;https:\/\/carvalhahouse.pt\/carvalha-serra\/&#8221; image=&#8221;https:\/\/carvalhahouse.pt\/wp-content\/uploads\/2025\/08\/050.webp&#8221; _builder_version=&#8221;4.27.4&#8243; _module_preset=&#8221;default&#8221; header_font=&#8221;Raleway||||||||&#8221; header_text_color=&#8221;gcid-primary-color&#8221; global_colors_info=&#8221;{%22gcid-primary-color%22:%91%22header_text_color%22,%22header_text_color%22%93}&#8221;]<\/p>\n<p>Rodeado pela beleza da serra, este alojamento \u00e9 ideal para amantes da natureza, caminhadas e tranquilidade. <strong>Carvalha Serra<\/strong> oferece conforto moderno num cen\u00e1rio r\u00fastico e aut\u00eantico, onde cada dia convida \u00e0 descoberta.<\/p>\n<p>[\/et_pb_blurb][et_pb_button button_url=&#8221;https:\/\/carvalhahouse.pt\/carvalha-serra\/&#8221; button_text=&#8221;Ver Mais&#8221; button_alignment=&#8221;left&#8221; _builder_version=&#8221;4.27.4&#8243; _module_preset=&#8221;default&#8221; custom_button=&#8221;on&#8221; button_text_size=&#8221;0.8rem&#8221; button_text_color=&#8221;gcid-primary-color&#8221; button_border_width=&#8221;1px&#8221; button_border_radius=&#8221;1px&#8221; button_font=&#8221;Magnat Regular||||||||&#8221; global_colors_info=&#8221;{%22gcid-primary-color%22:%91%22button_text_color%22%93}&#8221;][\/et_pb_button][\/et_pb_column][et_pb_column type=&#8221;1_3&#8243; _builder_version=&#8221;4.27.4&#8243; _module_preset=&#8221;default&#8221; pac_dcm_carousel_specific_module_num=&#8221;0&#8243; global_colors_info=&#8221;{}&#8221;][et_pb_blurb title=&#8221;Carvalha Espigueiro&#8221; url=&#8221;https:\/\/carvalhahouse.pt\/carvalha-espigueiro\/&#8221; image=&#8221;https:\/\/carvalhahouse.pt\/wp-content\/uploads\/2025\/08\/076.webp&#8221; _builder_version=&#8221;4.27.4&#8243; _module_preset=&#8221;default&#8221; header_font=&#8221;Raleway||||||||&#8221; header_text_color=&#8221;gcid-primary-color&#8221; hover_enabled=&#8221;0&#8243; global_colors_info=&#8221;{%22gcid-primary-color%22:%91%22header_text_color%22,%22header_text_color%22%93}&#8221; title_text=&#8221;076&#8243; sticky_enabled=&#8221;0&#8243;]<\/p>\n<p>Com aproximadamente 60 m2, este espa\u00e7o foi pensado para transmitir charme e conforto. Inspirado pela proximidade e opul\u00eancia de um antigo <strong>Espigueiro de pedra<\/strong>, combina hist\u00f3ria, arquitectura actual e modernidade numa s\u00f3 experi\u00eancia.<\/p>\n<p>[\/et_pb_blurb][et_pb_button button_url=&#8221;https:\/\/carvalhahouse.pt\/carvalha-espigueiro\/&#8221; button_text=&#8221;Ver Mais&#8221; button_alignment=&#8221;left&#8221; _builder_version=&#8221;4.27.4&#8243; _module_preset=&#8221;default&#8221; custom_button=&#8221;on&#8221; button_text_size=&#8221;0.8rem&#8221; button_text_color=&#8221;gcid-primary-color&#8221; button_border_width=&#8221;1px&#8221; button_border_radius=&#8221;1px&#8221; button_font=&#8221;Magnat Regular||||||||&#8221; global_colors_info=&#8221;{%22gcid-primary-color%22:%91%22button_text_color%22%93}&#8221;][\/et_pb_button][\/et_pb_column][\/et_pb_row][\/et_pb_section][et_pb_section fb_built=&#8221;1&#8243; _builder_version=&#8221;4.27.4&#8243; _module_preset=&#8221;default&#8221; global_colors_info=&#8221;{}&#8221;][et_pb_row column_structure=&#8221;2_5,3_5&#8243; use_custom_gutter=&#8221;on&#8221; make_equal=&#8221;on&#8221; _builder_version=&#8221;4.27.4&#8243; _module_preset=&#8221;default&#8221; width=&#8221;90%&#8221; max_width=&#8221;1920px&#8221; global_colors_info=&#8221;{}&#8221;][et_pb_column type=&#8221;2_5&#8243; _builder_version=&#8221;4.27.4&#8243; _module_preset=&#8221;default&#8221; pac_dcm_carousel_specific_module_num=&#8221;0&#8243; global_colors_info=&#8221;{}&#8221;][et_pb_text _builder_version=&#8221;4.27.4&#8243; _module_preset=&#8221;default&#8221; text_font=&#8221;Raleway|300|||||||&#8221; text_text_color=&#8221;gcid-primary-color&#8221; text_font_size=&#8221;4rem&#8221; text_line_height=&#8221;1.2em&#8221; text_font_size_tablet=&#8221;3rem&#8221; text_font_size_phone=&#8221;3rem&#8221; text_font_size_last_edited=&#8221;on|phone&#8221; global_colors_info=&#8221;{%22gcid-primary-color%22:%91%22text_text_color%22%93}&#8221;]<\/p>\n<p>Fale connosco para saber mais informa\u00e7\u00f5es<\/p>\n<p>[\/et_pb_text][et_pb_text _builder_version=&#8221;4.27.4&#8243; _module_preset=&#8221;default&#8221; text_font=&#8221;Montserrat|300|||||||&#8221; text_text_color=&#8221;gcid-primary-color&#8221; text_font_size=&#8221;1rem&#8221; global_colors_info=&#8221;{%22gcid-primary-color%22:%91%22text_text_color%22%93}&#8221;]<\/p>\n<p>Complete o formul\u00e1rio para obter informa\u00e7\u00f5es de Alojamento.<\/p>\n<p>[\/et_pb_text][\/et_pb_column][et_pb_column type=&#8221;3_5&#8243; _builder_version=&#8221;4.27.4&#8243; _module_preset=&#8221;default&#8221; pac_dcm_carousel_specific_module_num=&#8221;0&#8243; global_colors_info=&#8221;{}&#8221;][et_pb_text _builder_version=&#8221;4.27.4&#8243; _module_preset=&#8221;default&#8221; global_colors_info=&#8221;{}&#8221;]<div class='fluentform ff-default fluentform_wrapper_1 ffs_custom_wrap'><form data-form_id=\"1\" id=\"fluentform_1\" class=\"frm-fluent-form fluent_form_1 ff-el-form-top ff_form_instance_1_1 ff-form-loading ffs_custom\" data-form_instance=\"ff_form_instance_1_1\" method=\"POST\" ><fieldset  style=\"border: none!important;margin: 0!important;padding: 0!important;background-color: transparent!important;box-shadow: none!important;outline: none!important; min-inline-size: 100%;\">\n                    <legend class=\"ff_screen_reader_title\" style=\"display: block; margin: 0!important;padding: 0!important;height: 0!important;text-indent: -999999px;width: 0!important;overflow:hidden;\">Contact Form Demo<\/legend>        <div\n                style=\"display: none!important; position: absolute!important; transform: translateX(1000%)!important;\"\n                class=\"ff-el-group ff-hpsf-container\"\n        >\n            <div class=\"ff-el-input--label asterisk-right\">\n                <label for=\"ff_1_item_sf\" aria-label=\"Subscribe\">\n                    Subscribe                <\/label>\n            <\/div>\n            <div class=\"ff-el-input--content\">\n                <input type=\"text\"\n                       name=\"item_1__fluent_sf\"\n                       class=\"ff-el-form-control\"\n                       id=\"ff_1_item_sf\"\n                \/>\n            <\/div>\n        <\/div>\n                <input type=\"hidden\" id=\"__fluent_protection_token_1\" class=\"fluent-form-token-field\" name=\"__fluent_protection_token_1\">\n        <input type='hidden' name='__fluent_form_embded_post_id' value='50' \/><input type=\"hidden\" id=\"_fluentform_1_fluentformnonce\" name=\"_fluentform_1_fluentformnonce\" value=\"4b33b82f3b\" \/><input type=\"hidden\" name=\"_wp_http_referer\" value=\"\/fr\/wp-json\/wp\/v2\/pages\/50\" \/><div data-type=\"name-element\" data-name=\"names\" class=\" ff-field_container ff-name-field-wrapper\" ><div class='ff-t-container'><div class='ff-t-cell '><div class='ff-el-group'><div class=\"ff-el-input--label asterisk-right\"><label for='ff_1_names_first_name_' id='label_ff_1_names_first_name_' >Nome<\/label><\/div><div class='ff-el-input--content'><input type=\"text\" name=\"names[first_name]\" id=\"ff_1_names_first_name_\" class=\"ff-el-form-control\" placeholder=\"Nome\" tabindex=\"1\" aria-invalid=\"false\" aria-required=false><\/div><\/div><\/div><\/div><\/div><div class='ff-el-group'><div class=\"ff-el-input--label ff-el-is-required asterisk-right\"><label for='ff_1_email' id='label_ff_1_email' aria-label=\"Email\">Email<\/label><\/div><div class='ff-el-input--content'><input type=\"email\" name=\"email\" id=\"ff_1_email\" class=\"ff-el-form-control\" placeholder=\"Email\" data-name=\"email\" tabindex=\"2\"  aria-invalid=\"false\" aria-required=true><\/div><\/div><div class='ff-el-group'><div class=\"ff-el-input--label asterisk-right\"><label for='ff_1_subject' id='label_ff_1_subject' aria-label=\"Assunto\">Assunto<\/label><\/div><div class='ff-el-input--content'><input type=\"text\" name=\"subject\" class=\"ff-el-form-control\" placeholder=\"Assunto\" data-name=\"subject\" tabindex=\"3\" id=\"ff_1_subject\"  aria-invalid=\"false\" aria-required=false><\/div><\/div><div class='ff-el-group'><div class=\"ff-el-input--label ff-el-is-required asterisk-right\"><label for='ff_1_message' id='label_ff_1_message' aria-label=\"Mensagem\">Mensagem<\/label><\/div><div class='ff-el-input--content'><textarea aria-required=\"true\" aria-labelledby=\"label_ff_1_message\" name=\"message\" id=\"ff_1_message\" class=\"ff-el-form-control\" placeholder=\"Mensagem\" rows=\"4\" cols=\"2\" data-name=\"message\" tabindex=\"4\" ><\/textarea><\/div><\/div><div class='ff-el-group    ff-el-input--content'><div class='ff-el-form-check ff-el-tc'><label aria-label='Autorizo \u200b\u200beste site a armazenar as minhas informa\u00e7\u00f5es enviadas para que possam responder \u00e0 minha solicita\u00e7\u00e3o.' class='ff-el-form-check-label ff_tc_label' for=gdpr-agreement_78236221ef5eeead4dc0f203fa4f710e><span class='ff_tc_checkbox'><input type=\"checkbox\" name=\"gdpr-agreement\" class=\"ff-el-form-check-input ff_gdpr_field\" data-name=\"gdpr-agreement\" id=\"gdpr-agreement_78236221ef5eeead4dc0f203fa4f710e\" tabindex=\"5\"  value='on' aria-invalid='false' aria-required=true><\/span> <div class='ff_t_c'>Autorizo \u200b\u200beste site a armazenar as minhas informa\u00e7\u00f5es enviadas para que possam responder \u00e0 minha solicita\u00e7\u00e3o.<\/div><\/label><\/div><\/div><div class='ff-el-group    ff-el-input--content'><div class='ff-el-form-check ff-el-tc'><label aria-label='Terms and Conditions: Li e concordo com os Termos &amp; Condi\u00e7\u00f5es e Pol\u00edticas de Privacidade. Contains 2 links. Use tab navigation to review.' class='ff-el-form-check-label ff_tc_label' for=terms-n-condition_d42a55c29b5827f8c33d3cb500e90b94><span class='ff_tc_checkbox'><input type=\"checkbox\" name=\"terms-n-condition\" class=\"ff-el-form-check-input\" data-name=\"terms-n-condition\" id=\"terms-n-condition_d42a55c29b5827f8c33d3cb500e90b94\" tabindex=\"6\"  value='on' aria-invalid='false' aria-required=false><\/span> <div class='ff_t_c'><p>Li e concordo com os <a href=\"https:\/\/carvalhahouse.pt\/termos-condicoes\">Termos &amp; Condi\u00e7\u00f5es<\/a> e <a href=\"https:\/\/carvalhahouse.pt\/politica-de-privacidade\/\">Pol\u00edticas de Privacidade<\/a>.<\/p><\/div><\/label><\/div><\/div><div class='ff-el-group ff-text-right ff_submit_btn_wrapper'><button type=\"submit\" class=\"ff-btn ff-btn-submit ff-btn-md ff_btn_style wpf_has_custom_css\" tabindex=\"7\"  aria-label=\"Enviar\">Enviar<\/button><\/div><\/fieldset><\/form><div id='fluentform_1_errors' class='ff-errors-in-stack ff_form_instance_1_1 ff-form-loading_errors ff_form_instance_1_1_errors'><\/div><\/div>            <script type=\"text\/javascript\">\n                window.fluent_form_ff_form_instance_1_1 = {\"id\":\"1\",\"settings\":{\"layout\":{\"labelPlacement\":\"top\",\"helpMessagePlacement\":\"with_label\",\"errorMessagePlacement\":\"inline\",\"cssClassName\":\"\",\"asteriskPlacement\":\"asterisk-right\"},\"restrictions\":{\"denyEmptySubmission\":{\"enabled\":false}}},\"form_instance\":\"ff_form_instance_1_1\",\"form_id_selector\":\"fluentform_1\",\"rules\":{\"names[first_name]\":{\"required\":{\"value\":false,\"message\":\"This field is required\",\"global\":false,\"global_message\":\"This field is required\"}},\"names[middle_name]\":{\"required\":{\"value\":false,\"message\":\"This field is required\",\"global\":false,\"global_message\":\"This field is required\"}},\"names[last_name]\":{\"required\":{\"value\":false,\"message\":\"This field is required\",\"global\":false,\"global_message\":\"This field is required\"}},\"email\":{\"required\":{\"value\":true,\"message\":\"This field is required\",\"global\":false,\"global_message\":\"This field is required\"},\"email\":{\"value\":true,\"message\":\"This field must contain a valid email\",\"global\":false,\"global_message\":\"This field must contain a valid email\"}},\"subject\":{\"required\":{\"value\":false,\"message\":\"This field is required\",\"global\":false,\"global_message\":\"This field is required\"}},\"message\":{\"required\":{\"value\":true,\"message\":\"This field is required\",\"global\":false,\"global_message\":\"This field is required\"}},\"gdpr-agreement\":{\"required\":{\"value\":true,\"message\":\"This field is required\",\"global_message\":\"This field is required\",\"global\":true}},\"terms-n-condition\":{\"required\":{\"value\":false,\"message\":\"This field is required\",\"global_message\":\"This field is required\",\"global\":true}}},\"debounce_time\":300};\n                            <\/script>\n            [\/et_pb_text][\/et_pb_column][\/et_pb_row][\/et_pb_section]<\/p>\n","protected":false},"excerpt":{"rendered":"<p>Desfrute de uma estadia de sonho.Rodeado pela beleza da serra, este alojamento \u00e9 ideal para amantes da natureza, caminhadas e tranquilidade. Carvalha Serra oferece conforto moderno num cen\u00e1rio r\u00fastico e aut\u00eantico, onde cada dia convida \u00e0 descoberta.Com aproximadamente 60 m2, este espa\u00e7o foi pensado para transmitir charme e conforto. Inspirado pela proximidade e opul\u00eancia de [&hellip;]<\/p>\n","protected":false},"author":2,"featured_media":180,"parent":0,"menu_order":0,"comment_status":"closed","ping_status":"closed","template":"","meta":{"_et_pb_use_builder":"on","_et_pb_old_content":"<!-- wp:divi\/placeholder \/-->","_et_gb_content_width":"","footnotes":""},"hf_cat_page":[],"class_list":["post-50","page","type-page","status-publish","has-post-thumbnail","hentry"],"_links":{"self":[{"href":"https:\/\/carvalhahouse.pt\/fr\/wp-json\/wp\/v2\/pages\/50","targetHints":{"allow":["GET"]}}],"collection":[{"href":"https:\/\/carvalhahouse.pt\/fr\/wp-json\/wp\/v2\/pages"}],"about":[{"href":"https:\/\/carvalhahouse.pt\/fr\/wp-json\/wp\/v2\/types\/page"}],"author":[{"embeddable":true,"href":"https:\/\/carvalhahouse.pt\/fr\/wp-json\/wp\/v2\/users\/2"}],"replies":[{"embeddable":true,"href":"https:\/\/carvalhahouse.pt\/fr\/wp-json\/wp\/v2\/comments?post=50"}],"version-history":[{"count":0,"href":"https:\/\/carvalhahouse.pt\/fr\/wp-json\/wp\/v2\/pages\/50\/revisions"}],"wp:featuredmedia":[{"embeddable":true,"href":"https:\/\/carvalhahouse.pt\/fr\/wp-json\/wp\/v2\/media\/180"}],"wp:attachment":[{"href":"https:\/\/carvalhahouse.pt\/fr\/wp-json\/wp\/v2\/media?parent=50"}],"wp:term":[{"taxonomy":"hf_cat_page","embeddable":true,"href":"https:\/\/carvalhahouse.pt\/fr\/wp-json\/wp\/v2\/hf_cat_page?post=50"}],"curies":[{"name":"wp","href":"https:\/\/api.w.org\/{rel}","templated":true}]}}