{"id":3,"date":"2025-01-27T11:05:50","date_gmt":"2025-01-27T11:05:50","guid":{"rendered":"https:\/\/carvalhahouse.pt\/?page_id=3"},"modified":"2025-09-06T14:36:24","modified_gmt":"2025-09-06T14:36:24","slug":"politica-de-privacidad","status":"publish","type":"page","link":"https:\/\/carvalhahouse.pt\/es\/politica-de-privacidade\/","title":{"rendered":"Pol\u00edtica de privacidad"},"content":{"rendered":"<p>[et_pb_section fb_built=&#8221;1&#8243; _builder_version=&#8221;4.27.4&#8243; _module_preset=&#8221;default&#8221; background_color=&#8221;rgba(0,0,0,0.5)&#8221; background_image=&#8221;https:\/\/carvalhahouse.pt\/wp-content\/uploads\/2025\/07\/IMG_3997.jpg&#8221; background_blend=&#8221;overlay&#8221; custom_padding=&#8221;||||false|false&#8221; global_colors_info=&#8221;{}&#8221;][et_pb_row _builder_version=&#8221;4.27.4&#8243; _module_preset=&#8221;default&#8221; hover_enabled=&#8221;0&#8243; global_colors_info=&#8221;{}&#8221; sticky_enabled=&#8221;0&#8243;][et_pb_column type=&#8221;4_4&#8243; _builder_version=&#8221;4.27.4&#8243; _module_preset=&#8221;default&#8221; pac_dcm_carousel_specific_module_num=&#8221;0&#8243; global_colors_info=&#8221;{}&#8221;][et_pb_text _builder_version=&#8221;4.27.4&#8243; _dynamic_attributes=&#8221;content&#8221; _module_preset=&#8221;default&#8221; text_font=&#8221;Raleway|800|||||||&#8221; text_text_color=&#8221;#FFFFFF&#8221; text_font_size=&#8221;2rem&#8221; text_orientation=&#8221;center&#8221; global_colors_info=&#8221;{}&#8221;]@ET-DC@eyJkeW5hbWljIjp0cnVlLCJjb250ZW50IjoicG9zdF90aXRsZSIsInNldHRpbmdzIjp7ImJlZm9yZSI6IiIsImFmdGVyIjoiIn19@[\/et_pb_text][\/et_pb_column][\/et_pb_row][\/et_pb_section][et_pb_section fb_built=&#8221;1&#8243; _builder_version=&#8221;4.27.4&#8243; _module_preset=&#8221;default&#8221; background_color=&#8221;gcid-a6bb7b13-d198-4f5a-8e4c-6ce2b4a392e1&#8243; min_height=&#8221;60vh&#8221; global_colors_info=&#8221;{%22gcid-a6bb7b13-d198-4f5a-8e4c-6ce2b4a392e1%22:%91%22background_color%22%93}&#8221;][et_pb_row _builder_version=&#8221;4.27.4&#8243; _module_preset=&#8221;default&#8221; width=&#8221;60%&#8221; max_width=&#8221;100%&#8221; module_alignment=&#8221;center&#8221; custom_margin=&#8221;0vh|auto||auto|false|false&#8221; global_colors_info=&#8221;{}&#8221;][et_pb_column type=&#8221;4_4&#8243; _builder_version=&#8221;4.27.4&#8243; _module_preset=&#8221;default&#8221; pac_dcm_carousel_specific_module_num=&#8221;0&#8243; global_colors_info=&#8221;{}&#8221;][et_pb_text admin_label=&#8221;Text&#8221; _builder_version=&#8221;4.27.4&#8243; text_text_color=&#8221;#000000&#8243; text_font_size=&#8221;1em&#8221; background_size=&#8221;initial&#8221; background_position=&#8221;top_left&#8221; background_repeat=&#8221;repeat&#8221; hover_enabled=&#8221;0&#8243; global_colors_info=&#8221;{}&#8221; sticky_enabled=&#8221;0&#8243;]<\/p>\n<p><strong>Pol\u00edtica de Privacidade \u2013 Carvalha House<\/strong><\/p>\n<p>A Carvalha House valoriza a prote\u00e7\u00e3o da sua privacidade e o tratamento transparente dos seus dados pessoais. Esta pol\u00edtica explica como recolhemos, utilizamos e protegemos os seus dados, em conformidade com o Regulamento Geral sobre a Prote\u00e7\u00e3o de Dados (Regulamento (UE) 2016\/679).<\/p>\n<p><strong>1. Respons\u00e1vel pelo tratamento<\/strong><\/p>\n<p>O site carvalhahouse.pt<br \/>\u00e9 gerido pela Carvalha House (Manuela Quintanilha), com sede em Arcos de Valdevez, Portugal.<br \/>Email de contacto: hello@carvalhahouse.pt<\/p>\n<p><strong>2. Dados recolhidos<\/strong><\/p>\n<p>Podemos recolher e tratar os seguintes dados pessoais:<\/p>\n<p>Formul\u00e1rio de contacto: nome, email, telefone e mensagem.<\/p>\n<p>Formul\u00e1rio de reservas: nome, email, telefone, datas de estadia e eventuais prefer\u00eancias.<\/p>\n<p>Dados de navega\u00e7\u00e3o: endere\u00e7o IP, tipo de dispositivo, browser e p\u00e1ginas visitadas (atrav\u00e9s do Google Analytics e Microsoft Clarity).<\/p>\n<p><strong>3. Finalidades do tratamento<\/strong><\/p>\n<p>Os seus dados s\u00e3o tratados para:<\/p>\n<p>Responder a pedidos de contacto e pedidos de reserva.<\/p>\n<p>Cumprir obriga\u00e7\u00f5es legais e contratuais.<\/p>\n<p>Melhorar a experi\u00eancia do utilizador no website (atrav\u00e9s de ferramentas anal\u00edticas).<\/p>\n<p>Garantir a seguran\u00e7a do website e prevenir abusos.<\/p>\n<p><strong>4. Base legal<\/strong><\/p>\n<p>O tratamento dos dados pessoais assenta em:<\/p>\n<p>Execu\u00e7\u00e3o de contrato (art. 6.\u00ba, n.\u00ba 1, al. b) RGPD) \u2013 no caso de reservas.<\/p>\n<p>Consentimento (art. 6.\u00ba, n.\u00ba 1, al. a) RGPD) \u2013 no caso do envio de formul\u00e1rios de contacto.<\/p>\n<p>Interesse leg\u00edtimo (art. 6.\u00ba, n.\u00ba 1, al. f) RGPD) \u2013 na an\u00e1lise estat\u00edstica de utiliza\u00e7\u00e3o do site.<\/p>\n<p><strong>5. Partilha de dados<\/strong><\/p>\n<p>Os seus dados pessoais n\u00e3o s\u00e3o vendidos nem partilhados com terceiros, exceto quando necess\u00e1rio para:<\/p>\n<p>Cumprir obriga\u00e7\u00f5es legais.<\/p>\n<p>Garantir servi\u00e7os de alojamento web (servidor localizado em Portugal).<\/p>\n<p>Utiliza\u00e7\u00e3o de servi\u00e7os anal\u00edticos da Google (Google Analytics) e da Microsoft (Clarity), que podem transferir dados para fora da Uni\u00e3o Europeia, com base em cl\u00e1usulas contratuais-tipo aprovadas pela Comiss\u00e3o Europeia.<\/p>\n<p><strong>6. Cookies e ferramentas anal\u00edticas<\/strong><\/p>\n<p>O site utiliza cookies para melhorar a experi\u00eancia do utilizador.<\/p>\n<p>Google Analytics: analisa padr\u00f5es de navega\u00e7\u00e3o.<\/p>\n<p>Microsoft Clarity: regista intera\u00e7\u00f5es no site de forma an\u00f3nima para melhorar a usabilidade.<\/p>\n<p>Pode gerir ou desativar cookies atrav\u00e9s das defini\u00e7\u00f5es do seu navegador.<\/p>\n<p><strong>7. Conserva\u00e7\u00e3o dos dados<\/strong><\/p>\n<p>Dados de reservas: conservados pelo per\u00edodo necess\u00e1rio ao cumprimento de obriga\u00e7\u00f5es legais (at\u00e9 10 anos, conforme obriga\u00e7\u00f5es fiscais).<\/p>\n<p>Dados de contacto: conservados por at\u00e9 12 meses ap\u00f3s a resposta ao pedido.<\/p>\n<p>Dados anal\u00edticos: retidos por um per\u00edodo m\u00e1ximo de 26 meses.<\/p>\n<p><strong>8. Direitos dos titulares<\/strong><\/p>\n<p>Nos termos do RGPD, tem direito a:<\/p>\n<p>Aceder, retificar ou apagar os seus dados.<\/p>\n<p>Limitar ou opor-se ao tratamento.<\/p>\n<p>Portabilidade dos dados.<\/p>\n<p>Retirar o consentimento em qualquer altura (quando aplic\u00e1vel).<\/p>\n<p>Apresentar reclama\u00e7\u00e3o junto da Comiss\u00e3o Nacional de Prote\u00e7\u00e3o de Dados (CNPD).<\/p>\n<p><strong>9. Seguran\u00e7a<\/strong><\/p>\n<p>Implementamos medidas t\u00e9cnicas e organizativas adequadas para proteger os seus dados contra perda, uso indevido, acesso n\u00e3o autorizado, altera\u00e7\u00e3o ou divulga\u00e7\u00e3o.<\/p>\n<p><strong>10. Altera\u00e7\u00f5es a esta pol\u00edtica<\/strong><\/p>\n<p>Reservamo-nos o direito de atualizar esta pol\u00edtica de privacidade sempre que necess\u00e1rio. A vers\u00e3o atualizada ser\u00e1 publicada no nosso website.<\/p>\n<p>[\/et_pb_text][\/et_pb_column][\/et_pb_row][\/et_pb_section]<\/p>\n","protected":false},"excerpt":{"rendered":"<p>Pol\u00edtica de Privacidade \u2013 Carvalha House A Carvalha House valoriza a prote\u00e7\u00e3o da sua privacidade e o tratamento transparente dos seus dados pessoais. Esta pol\u00edtica explica como recolhemos, utilizamos e protegemos os seus dados, em conformidade com o Regulamento Geral sobre a Prote\u00e7\u00e3o de Dados (Regulamento (UE) 2016\/679). 1. Respons\u00e1vel pelo tratamento O site carvalhahouse.pt\u00e9 [&hellip;]<\/p>\n","protected":false},"author":1,"featured_media":0,"parent":0,"menu_order":0,"comment_status":"closed","ping_status":"closed","template":"","meta":{"_et_pb_use_builder":"on","_et_pb_old_content":"<!-- wp:heading -->\n<h2 class=\"wp-block-heading\"><strong>AVISOS LEGAIS<\/strong><\/h2>\n<!-- \/wp:heading -->\n\n<!-- wp:paragraph -->\n<p>O empreendimento tur\u00edstico Carvalha House tem como compromisso assegurar um servi\u00e7o de qualidade a todos os clientes e visitantes do website, bem como assegurar todos os aspetos que se relacionem com a sua privacidade.<\/p>\n<!-- \/wp:paragraph -->\n\n<!-- wp:paragraph -->\n<p><strong>POL\u00cdTICA DE PRIVACIDADE<\/strong><\/p>\n<!-- \/wp:paragraph -->\n\n<!-- wp:paragraph -->\n<p>Os dados pessoais enviados atrav\u00e9s deste website n\u00e3o ser\u00e3o transmitidos a terceiros e ser\u00e3o usados somente para uso exclusivamente interno \u00e0 Casa Altamira. Os conte\u00fados apresentados neste website poder\u00e3o eventualmente apresentar algum equ\u00edvoco ou desatualiza\u00e7\u00e3o.<\/p>\n<!-- \/wp:paragraph -->\n\n<!-- wp:paragraph -->\n<p>A Casa Altamira poder\u00e1 efetuar sem pr\u00e9-aviso modifica\u00e7\u00f5es ou corre\u00e7\u00f5es \u00e0 informa\u00e7\u00e3o publicada.<\/p>\n<!-- \/wp:paragraph -->\n\n<!-- wp:paragraph -->\n<p>A Casa Altamira garante que estas informa\u00e7\u00f5es N\u00c3O SER\u00c3O utilizadas em nenhuma lista com fins promocionais via correio electr\u00f3nico ou telef\u00f3nico, nem ser\u00e3o divulgados a qualquer outra organiza\u00e7\u00e3o ou empresa.<\/p>\n<!-- \/wp:paragraph -->\n\n<!-- wp:paragraph -->\n<p>A Casa Altamira compromete-se a proteger a sua privacidade e ir\u00e1 fazer um grande esfor\u00e7o para garantir o uso de uma tecnologia suficientemente eficaz para que a sua experi\u00eancia on-line seja de dia para dia mais segura e os seus relacionamentos na Web cada vez mais refor\u00e7ados.<\/p>\n<!-- \/wp:paragraph -->\n\n<!-- wp:paragraph -->\n<p>Sobre qualquer quest\u00e3o que tenha relativa a este compromisso, n\u00e3o hesite em contactar-nos.<\/p>\n<!-- \/wp:paragraph -->\n\n<!-- wp:paragraph -->\n<p><strong>LINKS EXTERNOS<\/strong><\/p>\n<!-- \/wp:paragraph -->\n\n<!-- wp:paragraph -->\n<p>Este website pode conter links para outros websites. \u00c9 importante notar que Casa Altamira n\u00e3o \u00e9 respons\u00e1vel pelas pr\u00e1ticas de privacidade ou conte\u00fados de quaisquer outros websites. Recomendamos a leitura das pol\u00edticas de privacidade desses websites.<\/p>\n<!-- \/wp:paragraph -->","_et_gb_content_width":"1080","footnotes":""},"hf_cat_page":[],"class_list":["post-3","page","type-page","status-publish","hentry"],"_links":{"self":[{"href":"https:\/\/carvalhahouse.pt\/es\/wp-json\/wp\/v2\/pages\/3","targetHints":{"allow":["GET"]}}],"collection":[{"href":"https:\/\/carvalhahouse.pt\/es\/wp-json\/wp\/v2\/pages"}],"about":[{"href":"https:\/\/carvalhahouse.pt\/es\/wp-json\/wp\/v2\/types\/page"}],"author":[{"embeddable":true,"href":"https:\/\/carvalhahouse.pt\/es\/wp-json\/wp\/v2\/users\/1"}],"replies":[{"embeddable":true,"href":"https:\/\/carvalhahouse.pt\/es\/wp-json\/wp\/v2\/comments?post=3"}],"version-history":[{"count":0,"href":"https:\/\/carvalhahouse.pt\/es\/wp-json\/wp\/v2\/pages\/3\/revisions"}],"wp:attachment":[{"href":"https:\/\/carvalhahouse.pt\/es\/wp-json\/wp\/v2\/media?parent=3"}],"wp:term":[{"taxonomy":"hf_cat_page","embeddable":true,"href":"https:\/\/carvalhahouse.pt\/es\/wp-json\/wp\/v2\/hf_cat_page?post=3"}],"curies":[{"name":"wp","href":"https:\/\/api.w.org\/{rel}","templated":true}]}}