{"id":1120,"date":"2025-12-05T12:20:40","date_gmt":"2025-12-05T12:20:40","guid":{"rendered":"https:\/\/carvalhahouse.pt\/?page_id=1120"},"modified":"2026-03-30T15:12:44","modified_gmt":"2026-03-30T15:12:44","slug":"experiencias","status":"publish","type":"page","link":"https:\/\/carvalhahouse.pt\/es\/experiencias\/","title":{"rendered":"Experiencias"},"content":{"rendered":"<p>[et_pb_section fb_built=&#8221;1&#8243; fullwidth=&#8221;on&#8221; _builder_version=&#8221;4.27.4&#8243; _module_preset=&#8221;default&#8221; global_colors_info=&#8221;{}&#8221;][et_pb_fullwidth_slider _builder_version=&#8221;4.27.5&#8243; _module_preset=&#8221;default&#8221; header_font=&#8221;||||||||&#8221; header_font_size=&#8221;4rem&#8221; header_font_size_tablet=&#8221;4rem&#8221; header_font_size_phone=&#8221;2rem&#8221; header_font_size_last_edited=&#8221;on|phone&#8221; global_colors_info=&#8221;{}&#8221;][et_pb_slide heading=&#8221;Experi\u00eancias&#8221; button_link=&#8221;https:\/\/carvalhahouse.pt\/carvalha-serra&#8221; use_bg_overlay=&#8221;on&#8221; _builder_version=&#8221;4.27.5&#8243; _module_preset=&#8221;default&#8221; header_level=&#8221;h2&#8243; header_font=&#8221;Raleway||||||||&#8221; header_font_size=&#8221;5rem&#8221; background_enable_color=&#8221;off&#8221; background_image=&#8221;https:\/\/carvalhahouse.pt\/wp-content\/uploads\/2026\/01\/IMG_1774.jpg&#8221; background_enable_image=&#8221;on&#8221; custom_button=&#8221;on&#8221; button_text_size=&#8221;1rem&#8221; button_font=&#8221;Raleway||||||||&#8221; text_orientation=&#8221;center&#8221; header_font_size_tablet=&#8221;3rem&#8221; header_font_size_phone=&#8221;3rem&#8221; header_font_size_last_edited=&#8221;on|phone&#8221; global_colors_info=&#8221;{}&#8221; sticky_transition=&#8221;on&#8221;]<\/p>\n<p>As melhores experi\u00eancias do Minho s\u00e3o proporcionadas pela Carvalha House.<\/p>\n<p>[\/et_pb_slide][\/et_pb_fullwidth_slider][\/et_pb_section][et_pb_section fb_built=&#8221;1&#8243; _builder_version=&#8221;4.27.5&#8243; _module_preset=&#8221;default&#8221; custom_margin=&#8221;||0px||false|false&#8221; custom_padding=&#8221;||0px||false|false&#8221; global_colors_info=&#8221;{}&#8221;][et_pb_row _builder_version=&#8221;4.27.5&#8243; _module_preset=&#8221;default&#8221; width=&#8221;100%&#8221; max_width=&#8221;80%&#8221; custom_padding=&#8221;0px||0px||false|false&#8221; global_colors_info=&#8221;{}&#8221;][et_pb_column type=&#8221;4_4&#8243; _builder_version=&#8221;4.27.5&#8243; _module_preset=&#8221;default&#8221; global_colors_info=&#8221;{}&#8221;][et_pb_text _builder_version=&#8221;4.27.5&#8243; _module_preset=&#8221;default&#8221; text_font=&#8221;Raleway|300|||||||&#8221; text_text_color=&#8221;gcid-primary-color&#8221; text_font_size=&#8221;3rem&#8221; text_line_height=&#8221;1.2em&#8221; text_font_size_tablet=&#8221;3rem&#8221; text_font_size_phone=&#8221;3rem&#8221; text_font_size_last_edited=&#8221;on|phone&#8221; global_colors_info=&#8221;{%22gcid-primary-color%22:%91%22text_text_color%22%93}&#8221;]<\/p>\n<p>O que fazer.<\/p>\n<p>[\/et_pb_text][\/et_pb_column][\/et_pb_row][\/et_pb_section][et_pb_section fb_built=&#8221;1&#8243; _builder_version=&#8221;4.27.5&#8243; _module_preset=&#8221;default&#8221; custom_padding=&#8221;0px||||false|false&#8221; global_colors_info=&#8221;{}&#8221;][et_pb_row column_structure=&#8221;1_2,1_2&#8243; _builder_version=&#8221;4.27.6&#8243; _module_preset=&#8221;default&#8221; width=&#8221;100%&#8221; max_width=&#8221;80%&#8221; max_width_tablet=&#8221;90%&#8221; max_width_phone=&#8221;90%&#8221; max_width_last_edited=&#8221;on|tablet&#8221; global_colors_info=&#8221;{}&#8221;][et_pb_column type=&#8221;1_2&#8243; _builder_version=&#8221;4.27.5&#8243; _module_preset=&#8221;default&#8221; global_colors_info=&#8221;{}&#8221;][et_pb_blurb title=&#8221;WINE ROUTE IN NATURE | CARVALHA ESPIGUEIRO&#8221; image=&#8221;https:\/\/carvalhahouse.pt\/wp-content\/uploads\/2026\/01\/IMG_1961.jpg&#8221; content_max_width_tablet=&#8221;&#8221; content_max_width_phone=&#8221;100%&#8221; content_max_width_last_edited=&#8221;on|phone&#8221; _builder_version=&#8221;4.27.6&#8243; _module_preset=&#8221;d862b235-5d92-40f8-b665-f9dff42e4671&#8243; custom_padding=&#8221;|10px|20px|10px|false|true&#8221; hover_enabled=&#8221;0&#8243; global_colors_info=&#8221;{}&#8221; sticky_enabled=&#8221;0&#8243;]<\/p>\n<p>Inclui Experi\u00eancias memor\u00e1veis e altamente enriquecedoras.<\/p>\n<p><strong>2 pax<\/strong><\/p>\n<p><span style=\"text-decoration: underline;\"><a href=\"https:\/\/carvalhahouse.pt\/carvalha-espigueiro-2\/\">DESCUBRA MAIS<\/a><\/span><\/p>\n<p>[\/et_pb_blurb][\/et_pb_column][et_pb_column type=&#8221;1_2&#8243; _builder_version=&#8221;4.27.5&#8243; _module_preset=&#8221;default&#8221; global_colors_info=&#8221;{}&#8221;][et_pb_blurb title=&#8221;WINE ROUTE IN NATURE | CARVALHA SERRA&#8221; image=&#8221;https:\/\/carvalhahouse.pt\/wp-content\/uploads\/2026\/01\/IMG_2161.jpg&#8221; _builder_version=&#8221;4.27.6&#8243; _module_preset=&#8221;d862b235-5d92-40f8-b665-f9dff42e4671&#8243; custom_padding=&#8221;|10px|20px|10px|false|true&#8221; hover_enabled=&#8221;0&#8243; global_colors_info=&#8221;{%22gcid-1c342401-506c-4a79-b007-76e6aa3b177a%22:%91%22header_text_color%22%93,%22gcid-a6bb7b13-d198-4f5a-8e4c-6ce2b4a392e1%22:%91%22background_color__hover%22%93}&#8221; sticky_enabled=&#8221;0&#8243;]<\/p>\n<p>Inclui Experi\u00eancias memor\u00e1veis e altamente enriquecedoras.<\/p>\n<p><strong>4 pax<\/strong><\/p>\n<p><span style=\"text-decoration: underline;\"><a href=\"https:\/\/carvalhahouse.pt\/carvalha-serra-2\/\">DESCUBRA MAIS<\/a><\/span><\/p>\n<p>[\/et_pb_blurb][\/et_pb_column][\/et_pb_row][\/et_pb_section][et_pb_section fb_built=&#8221;1&#8243; _builder_version=&#8221;4.27.5&#8243; _module_preset=&#8221;default&#8221; custom_margin=&#8221;||0px||false|false&#8221; custom_padding=&#8221;||0px||false|false&#8221; global_colors_info=&#8221;{}&#8221;][et_pb_row _builder_version=&#8221;4.27.5&#8243; _module_preset=&#8221;default&#8221; width=&#8221;100%&#8221; max_width=&#8221;80%&#8221; custom_padding=&#8221;0px||0px||false|false&#8221; global_colors_info=&#8221;{}&#8221;][et_pb_column type=&#8221;4_4&#8243; _builder_version=&#8221;4.27.5&#8243; _module_preset=&#8221;default&#8221; global_colors_info=&#8221;{}&#8221;][et_pb_text _builder_version=&#8221;4.27.6&#8243; _module_preset=&#8221;default&#8221; text_font=&#8221;Raleway|300|||||||&#8221; text_text_color=&#8221;gcid-primary-color&#8221; text_font_size=&#8221;3rem&#8221; text_line_height=&#8221;1.2em&#8221; text_font_size_tablet=&#8221;3rem&#8221; text_font_size_phone=&#8221;3rem&#8221; text_font_size_last_edited=&#8221;on|phone&#8221; global_colors_info=&#8221;{%22gcid-primary-color%22:%91%22text_text_color%22%93}&#8221;]<\/p>\n<p>Outras experi\u00eancias.<\/p>\n<p>[\/et_pb_text][\/et_pb_column][\/et_pb_row][\/et_pb_section][et_pb_section fb_built=&#8221;1&#8243; _builder_version=&#8221;4.27.5&#8243; _module_preset=&#8221;default&#8221; custom_padding=&#8221;0px||||false|false&#8221; global_colors_info=&#8221;{}&#8221;][et_pb_row column_structure=&#8221;1_2,1_2&#8243; _builder_version=&#8221;4.27.6&#8243; _module_preset=&#8221;default&#8221; width=&#8221;100%&#8221; max_width=&#8221;80%&#8221; max_width_tablet=&#8221;90%&#8221; max_width_phone=&#8221;90%&#8221; max_width_last_edited=&#8221;on|phone&#8221; global_colors_info=&#8221;{}&#8221;][et_pb_column type=&#8221;1_2&#8243; _builder_version=&#8221;4.27.5&#8243; _module_preset=&#8221;default&#8221; global_colors_info=&#8221;{}&#8221;][et_pb_blurb title=&#8221;Caminhada com Piquenique&#8221; image=&#8221;https:\/\/carvalhahouse.pt\/wp-content\/uploads\/2026\/01\/IMG_4970.jpg&#8221; _builder_version=&#8221;4.27.6&#8243; _module_preset=&#8221;default&#8221; header_font=&#8221;|||on|||||&#8221; header_text_align=&#8221;center&#8221; header_text_color=&#8221;gcid-1c342401-506c-4a79-b007-76e6aa3b177a&#8221; background_color=&#8221;gcid-a6bb7b13-d198-4f5a-8e4c-6ce2b4a392e1&#8243; text_orientation=&#8221;center&#8221; custom_margin=&#8221;||20px||false|false&#8221; custom_padding=&#8221;||20px||false|false&#8221; global_colors_info=&#8221;{%22gcid-1c342401-506c-4a79-b007-76e6aa3b177a%22:%91%22header_text_color%22%93,%22gcid-a6bb7b13-d198-4f5a-8e4c-6ce2b4a392e1%22:%91%22background_color__hover%22%93}&#8221; transform_styles__hover_enabled=&#8221;on|hover&#8221; transform_scale__hover_enabled=&#8221;on|hover&#8221; transform_translate__hover_enabled=&#8221;on|desktop&#8221; transform_rotate__hover_enabled=&#8221;on|desktop&#8221; transform_skew__hover_enabled=&#8221;on|desktop&#8221; transform_origin__hover_enabled=&#8221;on|hover&#8221; border_radii_image__hover_enabled=&#8221;on|hover&#8221;]<\/p>\n<p>Inclui Experi\u00eancias memor\u00e1veis e altamente enriquecedoras.<\/p>\n<p><strong>m\u00ednimo 2 pax<\/strong><\/p>\n<p><span style=\"text-decoration: underline;\"><a href=\"https:\/\/carvalhahouse.pt\/caminhada-com-piquenique\/\">DESCUBRA MAIS<\/a><\/span><\/p>\n<p>[\/et_pb_blurb][\/et_pb_column][et_pb_column type=&#8221;1_2&#8243; _builder_version=&#8221;4.27.5&#8243; _module_preset=&#8221;default&#8221; global_colors_info=&#8221;{}&#8221;][et_pb_blurb title=&#8221;PROVA DE VINHOS COM FADO&#8221; image=&#8221;https:\/\/carvalhahouse.pt\/wp-content\/uploads\/2026\/01\/IMG_4891.jpg&#8221; _builder_version=&#8221;4.27.6&#8243; _module_preset=&#8221;default&#8221; header_text_align=&#8221;center&#8221; header_text_color=&#8221;gcid-1c342401-506c-4a79-b007-76e6aa3b177a&#8221; background_color=&#8221;gcid-a6bb7b13-d198-4f5a-8e4c-6ce2b4a392e1&#8243; text_orientation=&#8221;center&#8221; custom_margin=&#8221;||20px||false|false&#8221; custom_padding=&#8221;||20px||false|false&#8221; global_colors_info=&#8221;{%22gcid-1c342401-506c-4a79-b007-76e6aa3b177a%22:%91%22header_text_color%22%93,%22gcid-a6bb7b13-d198-4f5a-8e4c-6ce2b4a392e1%22:%91%22background_color__hover%22%93}&#8221; transform_styles__hover_enabled=&#8221;on|hover&#8221; transform_scale__hover_enabled=&#8221;on|hover&#8221; transform_translate__hover_enabled=&#8221;on|desktop&#8221; transform_rotate__hover_enabled=&#8221;on|desktop&#8221; transform_skew__hover_enabled=&#8221;on|desktop&#8221; transform_origin__hover_enabled=&#8221;on|desktop&#8221;]<\/p>\n<p>Inclui Experi\u00eancias memor\u00e1veis e altamente enriquecedoras.<\/p>\n<p><strong>m\u00ednimo 4 pax<\/strong><\/p>\n<p><span style=\"text-decoration: underline;\"><a href=\"https:\/\/carvalhahouse.pt\/provas-de-vinho-com-fado\/\">DESCUBRA MAIS<\/a><\/span><\/p>\n<p>[\/et_pb_blurb][\/et_pb_column][\/et_pb_row][et_pb_row column_structure=&#8221;1_3,2_3&#8243; _builder_version=&#8221;4.27.6&#8243; _module_preset=&#8221;default&#8221; width=&#8221;90%&#8221; max_width=&#8221;100%&#8221; global_colors_info=&#8221;{}&#8221;][et_pb_column type=&#8221;1_3&#8243; _builder_version=&#8221;4.27.6&#8243; _module_preset=&#8221;default&#8221; global_colors_info=&#8221;{}&#8221;][et_pb_image src=&#8221;https:\/\/carvalhahouse.pt\/wp-content\/uploads\/2026\/01\/logo_www_2025_1.png&#8221; title_text=&#8221;logo_www_2025_1&#8243; url=&#8221;http:\/\/www.wewantgreen.pt&#8221; _builder_version=&#8221;4.27.6&#8243; _module_preset=&#8221;default&#8221; width=&#8221;50%&#8221; module_alignment=&#8221;right&#8221; module_alignment_tablet=&#8221;right&#8221; module_alignment_phone=&#8221;right&#8221; module_alignment_last_edited=&#8221;on|desktop&#8221; global_colors_info=&#8221;{}&#8221;][\/et_pb_image][\/et_pb_column][et_pb_column type=&#8221;2_3&#8243; _builder_version=&#8221;4.27.6&#8243; _module_preset=&#8221;default&#8221; global_colors_info=&#8221;{}&#8221;][et_pb_text _builder_version=&#8221;4.27.6&#8243; _module_preset=&#8221;default&#8221; global_colors_info=&#8221;{}&#8221;]<\/p>\n<p>Viajar deve ser mais do que deslocar-se: \u00e9 escutar, observar e criar liga\u00e7\u00e3o. WWG prop\u00f5e experi\u00eancias que revelam como a paisagem \u00e9 vivida \u2014 atrav\u00e9s da imers\u00e3o na natureza, da paisagem cultural, da cultura do vinho, do caminhar, da conversa e dos encontros locais.<br \/>\nConvidamo-lo a viajar de outra forma: abrande, sinta o ritmo de um outro tempo e descubra signifi cado para al\u00e9m da superf\u00edcie.<\/p>\n<p>[\/et_pb_text][et_pb_button button_url=&#8221;http:\/\/www.wewantgreen.pt&#8221; button_text=&#8221;Saiba mais em We Want Green&#8221; _builder_version=&#8221;4.27.6&#8243; _module_preset=&#8221;0b8a3f69-46c8-4c06-ad6c-e2536ead0532&#8243; global_colors_info=&#8221;{}&#8221;][\/et_pb_button][\/et_pb_column][\/et_pb_row][et_pb_row column_structure=&#8221;3_4,1_4&#8243; use_custom_gutter=&#8221;on&#8221; make_equal=&#8221;on&#8221; _builder_version=&#8221;4.27.6&#8243; _module_preset=&#8221;default&#8221; max_width=&#8221;100%&#8221; global_colors_info=&#8221;{}&#8221;][et_pb_column type=&#8221;3_4&#8243; _builder_version=&#8221;4.27.4&#8243; _module_preset=&#8221;default&#8221; global_colors_info=&#8221;{}&#8221;][et_pb_text _builder_version=&#8221;4.27.6&#8243; _module_preset=&#8221;default&#8221; text_font=&#8221;Raleway|300|||||||&#8221; text_text_color=&#8221;gcid-primary-color&#8221; text_font_size=&#8221;4rem&#8221; text_line_height=&#8221;1.2em&#8221; text_font_size_tablet=&#8221;3rem&#8221; text_font_size_phone=&#8221;3rem&#8221; text_font_size_last_edited=&#8221;on|phone&#8221; text_orientation_tablet=&#8221;center&#8221; text_orientation_phone=&#8221;center&#8221; text_orientation_last_edited=&#8221;on|phone&#8221; global_colors_info=&#8221;{%22gcid-primary-color%22:%91%22text_text_color%22%93}&#8221;]<\/p>\n<p>Reserve a sua Experi\u00eancia!<\/p>\n<p>[\/et_pb_text][\/et_pb_column][et_pb_column type=&#8221;1_4&#8243; _builder_version=&#8221;4.27.4&#8243; _module_preset=&#8221;default&#8221; global_colors_info=&#8221;{}&#8221;][et_pb_button button_url=&#8221;@ET-DC@eyJkeW5hbWljIjp0cnVlLCJjb250ZW50IjoicG9zdF9saW5rX3VybF9wYWdlIiwic2V0dGluZ3MiOnsicG9zdF9pZCI6IjU3In19@&#8221; button_text=&#8221;Reservar&#8221; _builder_version=&#8221;4.27.6&#8243; _dynamic_attributes=&#8221;button_url&#8221; _module_preset=&#8221;0b8a3f69-46c8-4c06-ad6c-e2536ead0532&#8243; global_colors_info=&#8221;{}&#8221;][\/et_pb_button][\/et_pb_column][\/et_pb_row][\/et_pb_section]<\/p>\n","protected":false},"excerpt":{"rendered":"<p>As melhores experi\u00eancias do Minho s\u00e3o proporcionadas pela Carvalha House.O que fazer.Inclui Experi\u00eancias memor\u00e1veis e altamente enriquecedoras. 2 pax DESCUBRA MAISInclui Experi\u00eancias memor\u00e1veis e altamente enriquecedoras. 4 pax DESCUBRA MAISOutras experi\u00eancias.Inclui Experi\u00eancias memor\u00e1veis e altamente enriquecedoras. m\u00ednimo 2 pax DESCUBRA MAISInclui Experi\u00eancias memor\u00e1veis e altamente enriquecedoras. m\u00ednimo 4 pax DESCUBRA MAISViajar deve ser mais do [&hellip;]<\/p>\n","protected":false},"author":2,"featured_media":0,"parent":0,"menu_order":0,"comment_status":"closed","ping_status":"closed","template":"","meta":{"_et_pb_use_builder":"on","_et_pb_old_content":"","_et_gb_content_width":"","footnotes":""},"hf_cat_page":[],"class_list":["post-1120","page","type-page","status-publish","hentry"],"_links":{"self":[{"href":"https:\/\/carvalhahouse.pt\/es\/wp-json\/wp\/v2\/pages\/1120","targetHints":{"allow":["GET"]}}],"collection":[{"href":"https:\/\/carvalhahouse.pt\/es\/wp-json\/wp\/v2\/pages"}],"about":[{"href":"https:\/\/carvalhahouse.pt\/es\/wp-json\/wp\/v2\/types\/page"}],"author":[{"embeddable":true,"href":"https:\/\/carvalhahouse.pt\/es\/wp-json\/wp\/v2\/users\/2"}],"replies":[{"embeddable":true,"href":"https:\/\/carvalhahouse.pt\/es\/wp-json\/wp\/v2\/comments?post=1120"}],"version-history":[{"count":5,"href":"https:\/\/carvalhahouse.pt\/es\/wp-json\/wp\/v2\/pages\/1120\/revisions"}],"predecessor-version":[{"id":1428,"href":"https:\/\/carvalhahouse.pt\/es\/wp-json\/wp\/v2\/pages\/1120\/revisions\/1428"}],"wp:attachment":[{"href":"https:\/\/carvalhahouse.pt\/es\/wp-json\/wp\/v2\/media?parent=1120"}],"wp:term":[{"taxonomy":"hf_cat_page","embeddable":true,"href":"https:\/\/carvalhahouse.pt\/es\/wp-json\/wp\/v2\/hf_cat_page?post=1120"}],"curies":[{"name":"wp","href":"https:\/\/api.w.org\/{rel}","templated":true}]}}