{"id":124,"date":"2025-07-08T15:24:04","date_gmt":"2025-07-08T15:24:04","guid":{"rendered":"https:\/\/carvalhahouse.pt\/?page_id=124"},"modified":"2025-07-28T12:02:56","modified_gmt":"2025-07-28T12:02:56","slug":"carvalha-rio","status":"publish","type":"page","link":"https:\/\/carvalhahouse.pt\/en\/carvalha-rio\/","title":{"rendered":"Carvalha Rio"},"content":{"rendered":"<p>[et_pb_section fb_built=&#8221;1&#8243; fullwidth=&#8221;on&#8221; _builder_version=&#8221;4.27.4&#8243; _module_preset=&#8221;default&#8221; global_colors_info=&#8221;{}&#8221;][et_pb_fullwidth_slider _builder_version=&#8221;4.27.4&#8243; _module_preset=&#8221;default&#8221; hover_enabled=&#8221;0&#8243; global_colors_info=&#8221;{}&#8221; sticky_enabled=&#8221;0&#8243;][et_pb_slide heading=&#8221;Perfeito para uma estadia tranquila.&#8221; button_text=&#8221;Reserve a sua estadia&#8221; button_link=&#8221;https:\/\/carvalhahouse.pt\/reservas\/&#8221; use_bg_overlay=&#8221;on&#8221; _builder_version=&#8221;4.27.4&#8243; _module_preset=&#8221;default&#8221; header_level=&#8221;h2&#8243; header_font=&#8221;Raleway||||||||&#8221; header_text_align=&#8221;left&#8221; header_font_size=&#8221;6rem&#8221; background_enable_color=&#8221;off&#8221; background_image=&#8221;https:\/\/carvalhahouse.pt\/wp-content\/uploads\/2025\/07\/dji_fly_20250715_183154_0011_1752601742095_photo.jpg&#8221; background_enable_image=&#8221;on&#8221; custom_button=&#8221;on&#8221; button_text_size=&#8221;1rem&#8221; button_font=&#8221;Raleway||||||||&#8221; button_alignment=&#8221;left&#8221; text_orientation=&#8221;center&#8221; hover_enabled=&#8221;0&#8243; global_colors_info=&#8221;{}&#8221; sticky_transition=&#8221;on&#8221; sticky_enabled=&#8221;0&#8243;][\/et_pb_slide][\/et_pb_fullwidth_slider][\/et_pb_section][et_pb_section fb_built=&#8221;1&#8243; _builder_version=&#8221;4.27.4&#8243; _module_preset=&#8221;default&#8221; background_color=&#8221;gcid-a6bb7b13-d198-4f5a-8e4c-6ce2b4a392e1&#8243; global_colors_info=&#8221;{%22gcid-a6bb7b13-d198-4f5a-8e4c-6ce2b4a392e1%22:%91%22background_color%22%93}&#8221;][et_pb_row column_structure=&#8221;1_2,1_2&#8243; use_custom_gutter=&#8221;on&#8221; make_equal=&#8221;on&#8221; _builder_version=&#8221;4.27.4&#8243; _module_preset=&#8221;default&#8221; width=&#8221;90%&#8221; max_width=&#8221;1920px&#8221; global_colors_info=&#8221;{}&#8221;][et_pb_column type=&#8221;1_2&#8243; _builder_version=&#8221;4.27.4&#8243; _module_preset=&#8221;default&#8221; pac_dcm_carousel_specific_module_num=&#8221;0&#8243; global_colors_info=&#8221;{}&#8221;][et_pb_text _builder_version=&#8221;4.27.4&#8243; _module_preset=&#8221;default&#8221; text_font=&#8221;Raleway|300|||||||&#8221; text_text_color=&#8221;gcid-primary-color&#8221; text_font_size=&#8221;4rem&#8221; text_line_height=&#8221;1.2em&#8221; hover_enabled=&#8221;0&#8243; global_colors_info=&#8221;{%22gcid-primary-color%22:%91%22text_text_color%22,%22text_text_color%22%93}&#8221; sticky_enabled=&#8221;0&#8243;]Relaxe e sinta a energia contagiante.[\/et_pb_text][\/et_pb_column][et_pb_column type=&#8221;1_2&#8243; _builder_version=&#8221;4.27.4&#8243; _module_preset=&#8221;default&#8221; pac_dcm_carousel_specific_module_num=&#8221;0&#8243; global_colors_info=&#8221;{}&#8221;][et_pb_text _builder_version=&#8221;4.27.4&#8243; _module_preset=&#8221;default&#8221; text_font=&#8221;Raleway||||||||&#8221; text_text_color=&#8221;gcid-primary-color&#8221; text_font_size=&#8221;2rem&#8221; hover_enabled=&#8221;0&#8243; global_colors_info=&#8221;{%22gcid-primary-color%22:%91%22text_text_color%22%93}&#8221; sticky_enabled=&#8221;0&#8243;]<\/p>\n<p>Carvalha Rio<\/p>\n<p>[\/et_pb_text][et_pb_text _builder_version=&#8221;4.27.4&#8243; _module_preset=&#8221;default&#8221; text_font=&#8221;Montserrat|300|||||||&#8221; text_text_color=&#8221;gcid-primary-color&#8221; text_font_size=&#8221;1rem&#8221; global_colors_info=&#8221;{%22gcid-primary-color%22:%91%22text_text_color%22%93}&#8221;]<\/p>\n<p>Townhouse com 2 quartos e terra\u00e7os cobertos para apreciar o p\u00f4r-do-sol algarvio. Ambos os quartos s\u00e3o espa\u00e7osos, com uma cama de casal ou duas camas individuais. Tem ainda uma sala de estar, tr\u00eas casas de banho, cozinha equipada e um jardim para uso privado. Disp\u00f5e de estacionamento e de um jardim privado.<\/p>\n<p><strong>Capacidade<\/strong> 4 H\u00f3spedes<\/p>\n<p>[\/et_pb_text][et_pb_button button_url=&#8221;https:\/\/carvalhahouse.pt\/reservas\/&#8221; button_text=&#8221;RESERVE AGORA&#8221; button_alignment=&#8221;left&#8221; _builder_version=&#8221;4.27.4&#8243; _module_preset=&#8221;default&#8221; custom_button=&#8221;on&#8221; button_text_size=&#8221;0.8rem&#8221; button_text_color=&#8221;gcid-primary-color&#8221; button_border_width=&#8221;1px&#8221; button_border_radius=&#8221;1px&#8221; button_font=&#8221;Magnat Regular||||||||&#8221; hover_enabled=&#8221;0&#8243; global_colors_info=&#8221;{%22gcid-primary-color%22:%91%22button_text_color%22%93}&#8221; sticky_enabled=&#8221;0&#8243;][\/et_pb_button][\/et_pb_column][\/et_pb_row][\/et_pb_section][et_pb_section fb_built=&#8221;1&#8243; _builder_version=&#8221;4.27.4&#8243; _module_preset=&#8221;default&#8221; global_colors_info=&#8221;{}&#8221;][et_pb_row use_custom_gutter=&#8221;on&#8221; make_equal=&#8221;on&#8221; _builder_version=&#8221;4.27.4&#8243; _module_preset=&#8221;default&#8221; width=&#8221;90%&#8221; max_width=&#8221;1920px&#8221; global_colors_info=&#8221;{}&#8221;][et_pb_column type=&#8221;4_4&#8243; _builder_version=&#8221;4.27.4&#8243; _module_preset=&#8221;default&#8221; pac_dcm_carousel_specific_module_num=&#8221;0&#8243; global_colors_info=&#8221;{}&#8221;][et_pb_text _builder_version=&#8221;4.27.4&#8243; _module_preset=&#8221;default&#8221; text_font=&#8221;Raleway|300|||||||&#8221; text_text_color=&#8221;gcid-primary-color&#8221; text_font_size=&#8221;4rem&#8221; text_line_height=&#8221;1.2em&#8221; hover_enabled=&#8221;0&#8243; global_colors_info=&#8221;{%22gcid-primary-color%22:%91%22text_text_color%22%93}&#8221; sticky_enabled=&#8221;0&#8243;]Para uma estadia confort\u00e1vel e serena.[\/et_pb_text][\/et_pb_column][\/et_pb_row][et_pb_row column_structure=&#8221;1_4,1_4,1_4,1_4&#8243; use_custom_gutter=&#8221;on&#8221; make_equal=&#8221;on&#8221; _builder_version=&#8221;4.27.4&#8243; _module_preset=&#8221;default&#8221; width=&#8221;90%&#8221; max_width=&#8221;1920px&#8221; global_colors_info=&#8221;{}&#8221;][et_pb_column type=&#8221;1_4&#8243; _builder_version=&#8221;4.27.4&#8243; _module_preset=&#8221;default&#8221; pac_dcm_carousel_specific_module_num=&#8221;0&#8243; global_colors_info=&#8221;{}&#8221;][et_pb_blurb title=&#8221;Cozinha Equipada&#8221; image=&#8221;https:\/\/carvalhahouse.pt\/wp-content\/uploads\/2025\/07\/icon_cozinhas.svg&#8221; icon_alignment=&#8221;left&#8221; _builder_version=&#8221;4.27.4&#8243; _module_preset=&#8221;default&#8221; header_text_color=&#8221;gcid-primary-color&#8221; hover_enabled=&#8221;0&#8243; global_colors_info=&#8221;{%22gcid-primary-color%22:%91%22header_text_color%22%93}&#8221; sticky_enabled=&#8221;0&#8243; header_font=&#8221;Raleway||||||||&#8221;]<\/p>\n<p><span>Cozinhas totalmente equipadas com eletrodom\u00e9sticos\u00a0<\/span><\/p>\n<p>[\/et_pb_blurb][\/et_pb_column][et_pb_column type=&#8221;1_4&#8243; _builder_version=&#8221;4.27.4&#8243; _module_preset=&#8221;default&#8221; pac_dcm_carousel_specific_module_num=&#8221;0&#8243; global_colors_info=&#8221;{}&#8221;][et_pb_blurb title=&#8221;Ar Condicionado&#8221; image=&#8221;https:\/\/carvalhahouse.pt\/wp-content\/uploads\/2025\/07\/icon_AC.svg&#8221; icon_alignment=&#8221;left&#8221; _builder_version=&#8221;4.27.4&#8243; _module_preset=&#8221;default&#8221; header_text_color=&#8221;gcid-primary-color&#8221; global_colors_info=&#8221;{%22gcid-primary-color%22:%91%22header_text_color%22,%22header_text_color%22%93}&#8221; header_font=&#8221;Raleway||||||||&#8221;]<\/p>\n<p><span>Ar condicionado \/ sistema de aquecimento em todas as divis\u00f5es<\/span><\/p>\n<p>[\/et_pb_blurb][\/et_pb_column][et_pb_column type=&#8221;1_4&#8243; _builder_version=&#8221;4.27.4&#8243; _module_preset=&#8221;default&#8221; pac_dcm_carousel_specific_module_num=&#8221;0&#8243; global_colors_info=&#8221;{}&#8221;][et_pb_blurb title=&#8221;Smart TV&#8221; image=&#8221;https:\/\/carvalhahouse.pt\/wp-content\/uploads\/2025\/07\/Icon_chromecast.svg&#8221; icon_alignment=&#8221;left&#8221; _builder_version=&#8221;4.27.4&#8243; _module_preset=&#8221;default&#8221; header_text_color=&#8221;gcid-primary-color&#8221; global_colors_info=&#8221;{%22gcid-primary-color%22:%91%22header_text_color%22,%22header_text_color%22%93}&#8221; header_font=&#8221;Raleway||||||||&#8221;]<\/p>\n<p><span>Ar condicionado \/ sistema de aquecimento em todas as divis\u00f5es<\/span><\/p>\n<p>[\/et_pb_blurb][\/et_pb_column][et_pb_column type=&#8221;1_4&#8243; _builder_version=&#8221;4.27.4&#8243; _module_preset=&#8221;default&#8221; pac_dcm_carousel_specific_module_num=&#8221;0&#8243; global_colors_info=&#8221;{}&#8221;][et_pb_blurb title=&#8221;WC Duches&#8221; image=&#8221;https:\/\/carvalhahouse.pt\/wp-content\/uploads\/2025\/07\/Icon_duche.svg&#8221; icon_alignment=&#8221;left&#8221; _builder_version=&#8221;4.27.4&#8243; _module_preset=&#8221;default&#8221; header_text_color=&#8221;gcid-primary-color&#8221; global_colors_info=&#8221;{%22gcid-primary-color%22:%91%22header_text_color%22,%22header_text_color%22%93}&#8221; header_font=&#8221;Raleway||||||||&#8221;]<\/p>\n<section class=\"headline-container stay-datails\">\n<div class=\"container-fluid px-0 cards-about-villas\">\n<div class=\"col-lg-11 mx-lg-auto\">\n<div class=\"accordion-item\">\n<div id=\"wc_duches\" class=\"accordion-collapse\">\n<div class=\"vl-card-content bg-white-mobile\">\n<div class=\"vl-card-body\">\n<p>Dispon\u00edveis em todas as casas de banho<\/p>\n<p>&nbsp;<\/p>\n<\/div>\n<\/div>\n<\/div>\n<\/div>\n<\/div>\n<\/div>\n<\/section>\n<section class=\"headline-container bg-extra-light-mobile\">\n<div class=\"col-md-10 mx-md-auto container-fluid px-0\">\n<div class=\"col-lg-12\">\n<div class=\"pb-lg-5\"><\/div>\n<\/div>\n<\/div>\n<\/section>\n<p>[\/et_pb_blurb][\/et_pb_column][\/et_pb_row][\/et_pb_section][et_pb_section fb_built=&#8221;1&#8243; _builder_version=&#8221;4.27.4&#8243; _module_preset=&#8221;default&#8221; background_color=&#8221;gcid-a6bb7b13-d198-4f5a-8e4c-6ce2b4a392e1&#8243; global_colors_info=&#8221;{%22gcid-a6bb7b13-d198-4f5a-8e4c-6ce2b4a392e1%22:%91%22background_color%22%93}&#8221;][et_pb_row use_custom_gutter=&#8221;on&#8221; make_equal=&#8221;on&#8221; _builder_version=&#8221;4.27.4&#8243; _module_preset=&#8221;default&#8221; width=&#8221;90%&#8221; max_width=&#8221;1920px&#8221; module_alignment=&#8221;center&#8221; global_colors_info=&#8221;{}&#8221;][et_pb_column type=&#8221;4_4&#8243; _builder_version=&#8221;4.27.4&#8243; _module_preset=&#8221;default&#8221; pac_dcm_carousel_specific_module_num=&#8221;0&#8243; global_colors_info=&#8221;{}&#8221;][et_pb_gallery gallery_ids=&#8221;174,175,176,177&#8243; posts_number=&#8221;5&#8243; orientation=&#8221;portrait&#8221; show_title_and_caption=&#8221;off&#8221; show_pagination=&#8221;off&#8221; _builder_version=&#8221;4.27.4&#8243; _module_preset=&#8221;default&#8221; global_colors_info=&#8221;{}&#8221;][\/et_pb_gallery][\/et_pb_column][\/et_pb_row][\/et_pb_section][et_pb_section fb_built=&#8221;1&#8243; _builder_version=&#8221;4.27.4&#8243; _module_preset=&#8221;default&#8221; global_colors_info=&#8221;{}&#8221;][et_pb_row use_custom_gutter=&#8221;on&#8221; make_equal=&#8221;on&#8221; _builder_version=&#8221;4.27.4&#8243; _module_preset=&#8221;default&#8221; width=&#8221;90%&#8221; max_width=&#8221;1920px&#8221; global_colors_info=&#8221;{}&#8221;][et_pb_column type=&#8221;4_4&#8243; _builder_version=&#8221;4.27.4&#8243; _module_preset=&#8221;default&#8221; pac_dcm_carousel_specific_module_num=&#8221;0&#8243; global_colors_info=&#8221;{}&#8221;][et_pb_text _builder_version=&#8221;4.27.4&#8243; _module_preset=&#8221;default&#8221; text_font=&#8221;Raleway|300|||||||&#8221; text_text_color=&#8221;gcid-primary-color&#8221; text_font_size=&#8221;4rem&#8221; text_line_height=&#8221;1.2em&#8221; hover_enabled=&#8221;0&#8243; global_colors_info=&#8221;{%22gcid-primary-color%22:%91%22text_text_color%22%93}&#8221; sticky_enabled=&#8221;0&#8243;]<\/p>\n<p>Uma estadia com toda a comodidade.<\/p>\n<p>[\/et_pb_text][\/et_pb_column][\/et_pb_row][et_pb_row column_structure=&#8221;1_4,1_4,1_4,1_4&#8243; use_custom_gutter=&#8221;on&#8221; make_equal=&#8221;on&#8221; _builder_version=&#8221;4.27.4&#8243; _module_preset=&#8221;default&#8221; width=&#8221;90%&#8221; max_width=&#8221;1920px&#8221; global_colors_info=&#8221;{}&#8221;][et_pb_column type=&#8221;1_4&#8243; _builder_version=&#8221;4.27.4&#8243; _module_preset=&#8221;default&#8221; pac_dcm_carousel_specific_module_num=&#8221;0&#8243; global_colors_info=&#8221;{}&#8221;][et_pb_blurb title=&#8221;Natureza&#8221; image=&#8221;https:\/\/carvalhahouse.pt\/wp-content\/uploads\/2025\/07\/icon_greenPlaces.svg&#8221; icon_alignment=&#8221;left&#8221; _builder_version=&#8221;4.27.4&#8243; _module_preset=&#8221;default&#8221; header_text_color=&#8221;gcid-primary-color&#8221; global_colors_info=&#8221;{%22gcid-primary-color%22:%91%22header_text_color%22,%22header_text_color%22%93}&#8221; header_font=&#8221;Raleway||||||||&#8221;]<\/p>\n<p><span>Desfrute na natureza, ciclovia e caminhos pedonais junto ao rio<\/span><\/p>\n<p>[\/et_pb_blurb][\/et_pb_column][et_pb_column type=&#8221;1_4&#8243; _builder_version=&#8221;4.27.4&#8243; _module_preset=&#8221;default&#8221; pac_dcm_carousel_specific_module_num=&#8221;0&#8243; global_colors_info=&#8221;{}&#8221;][et_pb_blurb title=&#8221;Passeios Pedestres&#8221; image=&#8221;https:\/\/carvalhahouse.pt\/wp-content\/uploads\/2025\/07\/icon_footpaths.svg&#8221; icon_alignment=&#8221;left&#8221; _builder_version=&#8221;4.27.4&#8243; _module_preset=&#8221;default&#8221; header_text_color=&#8221;gcid-primary-color&#8221; global_colors_info=&#8221;{%22gcid-primary-color%22:%91%22header_text_color%22,%22header_text_color%22%93}&#8221; header_font=&#8221;Raleway||||||||&#8221;]<\/p>\n<p><span>Diversos passeios pedestres, seguros e dentro da nossa propriedade ou para l\u00e1 dos seus limites. Sempre em estreita rela\u00e7\u00e3o com a natureza.<\/span><\/p>\n<p>[\/et_pb_blurb][\/et_pb_column][et_pb_column type=&#8221;1_4&#8243; _builder_version=&#8221;4.27.4&#8243; _module_preset=&#8221;default&#8221; pac_dcm_carousel_specific_module_num=&#8221;0&#8243; global_colors_info=&#8221;{}&#8221;][et_pb_blurb title=&#8221;Servi\u00e7o de Limpeza&#8221; image=&#8221;https:\/\/carvalhahouse.pt\/wp-content\/uploads\/2025\/07\/home_care.png&#8221; icon_alignment=&#8221;left&#8221; _builder_version=&#8221;4.27.4&#8243; _module_preset=&#8221;default&#8221; header_text_color=&#8221;gcid-primary-color&#8221; global_colors_info=&#8221;{%22gcid-primary-color%22:%91%22header_text_color%22,%22header_text_color%22%93}&#8221; header_font=&#8221;Raleway||||||||&#8221;]<\/p>\n<p><span>Servi\u00e7os de limpeza e manuten\u00e7\u00e3o da sua resid\u00eancia dispon\u00edveis sempre que necessite.<\/span><\/p>\n<p>[\/et_pb_blurb][\/et_pb_column][et_pb_column type=&#8221;1_4&#8243; _builder_version=&#8221;4.27.4&#8243; _module_preset=&#8221;default&#8221; pac_dcm_carousel_specific_module_num=&#8221;0&#8243; global_colors_info=&#8221;{}&#8221;][et_pb_blurb title=&#8221;Seguran\u00e7a&#8221; image=&#8221;https:\/\/carvalhahouse.pt\/wp-content\/uploads\/2025\/07\/security.png&#8221; icon_alignment=&#8221;left&#8221; _builder_version=&#8221;4.27.4&#8243; _module_preset=&#8221;default&#8221; header_text_color=&#8221;gcid-primary-color&#8221; global_colors_info=&#8221;{%22gcid-primary-color%22:%91%22header_text_color%22,%22header_text_color%22%93}&#8221; header_font=&#8221;Raleway||||||||&#8221;]<\/p>\n<section class=\"headline-container stay-datails\">\n<div class=\"container-fluid px-0 cards-about-villas\">\n<div class=\"col-lg-11 mx-lg-auto\">\n<div class=\"accordion-item\">\n<div id=\"wc_duches\" class=\"accordion-collapse\">\n<div class=\"vl-card-content bg-white-mobile\">\n<div class=\"vl-card-body\">\n<p><span>A seguran\u00e7a \u00e9 permanente e definida por padr\u00f5es de elevada qualidade com apoio tecnol\u00f3gico, para que se sinta totalmente seguro.<\/span><\/p>\n<p>&nbsp;<\/p>\n<\/div>\n<\/div>\n<\/div>\n<\/div>\n<\/div>\n<\/div>\n<\/section>\n<section class=\"headline-container bg-extra-light-mobile\">\n<div class=\"col-md-10 mx-md-auto container-fluid px-0\">\n<div class=\"col-lg-12\">\n<div class=\"pb-lg-5\"><\/div>\n<\/div>\n<\/div>\n<\/section>\n<p>[\/et_pb_blurb][\/et_pb_column][\/et_pb_row][et_pb_row column_structure=&#8221;1_4,1_4,1_4,1_4&#8243; use_custom_gutter=&#8221;on&#8221; make_equal=&#8221;on&#8221; _builder_version=&#8221;4.27.4&#8243; _module_preset=&#8221;default&#8221; width=&#8221;90%&#8221; max_width=&#8221;1920px&#8221; global_colors_info=&#8221;{}&#8221;][et_pb_column type=&#8221;1_4&#8243; _builder_version=&#8221;4.27.4&#8243; _module_preset=&#8221;default&#8221; pac_dcm_carousel_specific_module_num=&#8221;0&#8243; global_colors_info=&#8221;{}&#8221;][et_pb_blurb title=&#8221;Telefone&#8221; image=&#8221;https:\/\/carvalhahouse.pt\/wp-content\/uploads\/2025\/07\/Icon_telefone.svg&#8221; icon_alignment=&#8221;left&#8221; _builder_version=&#8221;4.27.4&#8243; _module_preset=&#8221;default&#8221; header_text_color=&#8221;gcid-primary-color&#8221; global_colors_info=&#8221;{%22gcid-primary-color%22:%91%22header_text_color%22,%22header_text_color%22%93}&#8221; header_font=&#8221;Raleway||||||||&#8221;]<\/p>\n<div class=\"accordion-item\">\n<div id=\"telefone_fixo\" class=\"accordion-collapse\">\n<div class=\"vl-card-content bg-white-mobile\">\n<div class=\"vl-card-body\">\n<p>Telefone fixo nos quartos<\/p>\n<\/div>\n<\/div>\n<\/div>\n<\/div>\n<p>[\/et_pb_blurb][\/et_pb_column][et_pb_column type=&#8221;1_4&#8243; _builder_version=&#8221;4.27.4&#8243; _module_preset=&#8221;default&#8221; pac_dcm_carousel_specific_module_num=&#8221;0&#8243; global_colors_info=&#8221;{}&#8221;][et_pb_blurb title=&#8221;Acessos Adaptados&#8221; image=&#8221;https:\/\/carvalhahouse.pt\/wp-content\/uploads\/2025\/07\/icon_accessibility.svg&#8221; icon_alignment=&#8221;left&#8221; _builder_version=&#8221;4.27.4&#8243; _module_preset=&#8221;default&#8221; header_text_color=&#8221;gcid-primary-color&#8221; global_colors_info=&#8221;{%22gcid-primary-color%22:%91%22header_text_color%22,%22header_text_color%22%93}&#8221; header_font=&#8221;Raleway||||||||&#8221;]<\/p>\n<p><span>Conforto e acessibilidade para todos. Os nossos quartos adaptados oferecem acessos para cadeiras de rodas, casas de banho com barras de apoio, espa\u00e7o de manobra para uma estadia sem barreiras.<\/span><\/p>\n<p>[\/et_pb_blurb][\/et_pb_column][et_pb_column type=&#8221;1_4&#8243; _builder_version=&#8221;4.27.4&#8243; _module_preset=&#8221;default&#8221; pac_dcm_carousel_specific_module_num=&#8221;0&#8243; global_colors_info=&#8221;{}&#8221;][et_pb_blurb title=&#8221;Cofre&#8221; image=&#8221;https:\/\/carvalhahouse.pt\/wp-content\/uploads\/2025\/07\/Icon_cofre.svg&#8221; icon_alignment=&#8221;left&#8221; _builder_version=&#8221;4.27.4&#8243; _module_preset=&#8221;default&#8221; header_text_color=&#8221;gcid-primary-color&#8221; global_colors_info=&#8221;{%22gcid-primary-color%22:%91%22header_text_color%22,%22header_text_color%22%93}&#8221; header_font=&#8221;Raleway||||||||&#8221;]<\/p>\n<div class=\"accordion-item\">\n<div id=\"cofre\" class=\"accordion-collapse\">\n<div class=\"vl-card-content bg-white-mobile\">\n<div class=\"vl-card-body\">\n<p>Cofre em todos os quartos<\/p>\n<\/div>\n<\/div>\n<\/div>\n<\/div>\n<p>[\/et_pb_blurb][\/et_pb_column][et_pb_column type=&#8221;1_4&#8243; _builder_version=&#8221;4.27.4&#8243; _module_preset=&#8221;default&#8221; pac_dcm_carousel_specific_module_num=&#8221;0&#8243; global_colors_info=&#8221;{}&#8221;][et_pb_blurb title=&#8221;Carregador El\u00e9trico&#8221; image=&#8221;https:\/\/carvalhahouse.pt\/wp-content\/uploads\/2025\/07\/Icon_eletrico.svg&#8221; icon_alignment=&#8221;left&#8221; _builder_version=&#8221;4.27.4&#8243; _module_preset=&#8221;default&#8221; header_text_color=&#8221;gcid-primary-color&#8221; global_colors_info=&#8221;{%22gcid-primary-color%22:%91%22header_text_color%22,%22header_text_color%22%93}&#8221; header_font=&#8221;Raleway||||||||&#8221;]<\/p>\n<div class=\"accordion-item\">\n<div id=\"cofre\" class=\"accordion-collapse\">\n<div class=\"vl-card-content bg-white-mobile\">\n<div class=\"vl-card-body\">\n<p><span>Carregador el\u00e9trico em cada estacionamento<\/span><\/p>\n<\/div>\n<\/div>\n<\/div>\n<\/div>\n<p>[\/et_pb_blurb][\/et_pb_column][\/et_pb_row][\/et_pb_section]<\/p>\n","protected":false},"excerpt":{"rendered":"<p>Relaxe e sinta a energia contagiante.Carvalha RioTownhouse com 2 quartos e terra\u00e7os cobertos para apreciar o p\u00f4r-do-sol algarvio. Ambos os quartos s\u00e3o espa\u00e7osos, com uma cama de casal ou duas camas individuais. Tem ainda uma sala de estar, tr\u00eas casas de banho, cozinha equipada e um jardim para uso privado. Disp\u00f5e de estacionamento e de [&hellip;]<\/p>\n","protected":false},"author":2,"featured_media":0,"parent":0,"menu_order":0,"comment_status":"closed","ping_status":"closed","template":"","meta":{"_et_pb_use_builder":"on","_et_pb_old_content":"","_et_gb_content_width":"","footnotes":""},"hf_cat_page":[],"class_list":["post-124","page","type-page","status-publish","hentry"],"_links":{"self":[{"href":"https:\/\/carvalhahouse.pt\/en\/wp-json\/wp\/v2\/pages\/124","targetHints":{"allow":["GET"]}}],"collection":[{"href":"https:\/\/carvalhahouse.pt\/en\/wp-json\/wp\/v2\/pages"}],"about":[{"href":"https:\/\/carvalhahouse.pt\/en\/wp-json\/wp\/v2\/types\/page"}],"author":[{"embeddable":true,"href":"https:\/\/carvalhahouse.pt\/en\/wp-json\/wp\/v2\/users\/2"}],"replies":[{"embeddable":true,"href":"https:\/\/carvalhahouse.pt\/en\/wp-json\/wp\/v2\/comments?post=124"}],"version-history":[{"count":0,"href":"https:\/\/carvalhahouse.pt\/en\/wp-json\/wp\/v2\/pages\/124\/revisions"}],"wp:attachment":[{"href":"https:\/\/carvalhahouse.pt\/en\/wp-json\/wp\/v2\/media?parent=124"}],"wp:term":[{"taxonomy":"hf_cat_page","embeddable":true,"href":"https:\/\/carvalhahouse.pt\/en\/wp-json\/wp\/v2\/hf_cat_page?post=124"}],"curies":[{"name":"wp","href":"https:\/\/api.w.org\/{rel}","templated":true}]}}