{"id":1227,"date":"2026-01-05T11:06:28","date_gmt":"2026-01-05T11:06:28","guid":{"rendered":"https:\/\/carvalhahouse.pt\/?page_id=1227"},"modified":"2026-04-01T09:59:19","modified_gmt":"2026-04-01T09:59:19","slug":"wine-tasting-with-fado","status":"publish","type":"page","link":"https:\/\/carvalhahouse.pt\/en\/provas-de-vinho-com-fado\/","title":{"rendered":"Wine Tasting with Fado"},"content":{"rendered":"<p>[et_pb_section fb_built=&#8221;1&#8243; fullwidth=&#8221;on&#8221; _builder_version=&#8221;4.27.5&#8243; _module_preset=&#8221;default&#8221; global_colors_info=&#8221;{}&#8221;][et_pb_fullwidth_slider _builder_version=&#8221;4.27.5&#8243; _module_preset=&#8221;default&#8221; header_font=&#8221;||||||||&#8221; header_font_size=&#8221;4rem&#8221; header_font_size_tablet=&#8221;4rem&#8221; header_font_size_phone=&#8221;2rem&#8221; header_font_size_last_edited=&#8221;on|phone&#8221; global_colors_info=&#8221;{}&#8221;][et_pb_slide heading=&#8221;Prova de Vinhos com Fado&#8221; button_link=&#8221;https:\/\/carvalhahouse.pt\/carvalha-serra&#8221; use_bg_overlay=&#8221;on&#8221; _builder_version=&#8221;4.27.5&#8243; _module_preset=&#8221;default&#8221; header_level=&#8221;h2&#8243; header_font=&#8221;Raleway||||||||&#8221; header_font_size=&#8221;5rem&#8221; background_enable_color=&#8221;off&#8221; background_image=&#8221;https:\/\/carvalhahouse.pt\/wp-content\/uploads\/2026\/01\/IMG_4891.jpg&#8221; background_enable_image=&#8221;on&#8221; custom_button=&#8221;on&#8221; button_text_size=&#8221;1rem&#8221; button_font=&#8221;Raleway||||||||&#8221; text_orientation=&#8221;center&#8221; header_font_size_tablet=&#8221;3rem&#8221; header_font_size_phone=&#8221;3rem&#8221; header_font_size_last_edited=&#8221;on|phone&#8221; global_colors_info=&#8221;{}&#8221; sticky_transition=&#8221;on&#8221;]<\/p>\n<p>As melhores experi\u00eancias do Minho s\u00e3o proporcionadas pela Carvalha House.<\/p>\n<p>[\/et_pb_slide][\/et_pb_fullwidth_slider][\/et_pb_section][et_pb_section fb_built=&#8221;1&#8243; disabled_on=&#8221;off|off|off&#8221; _builder_version=&#8221;4.27.5&#8243; _module_preset=&#8221;default&#8221; background_color=&#8221;gcid-a6bb7b13-d198-4f5a-8e4c-6ce2b4a392e1&#8243; global_colors_info=&#8221;{%22gcid-a6bb7b13-d198-4f5a-8e4c-6ce2b4a392e1%22:%91%22background_color%22%93}&#8221;][et_pb_row column_structure=&#8221;1_2,1_2&#8243; use_custom_gutter=&#8221;on&#8221; make_equal=&#8221;on&#8221; _builder_version=&#8221;4.27.4&#8243; _module_preset=&#8221;default&#8221; width=&#8221;90%&#8221; max_width=&#8221;1920px&#8221; global_colors_info=&#8221;{}&#8221;][et_pb_column type=&#8221;1_2&#8243; _builder_version=&#8221;4.27.4&#8243; _module_preset=&#8221;default&#8221; global_colors_info=&#8221;{}&#8221;][et_pb_text _builder_version=&#8221;4.27.6&#8243; _module_preset=&#8221;default&#8221; text_font=&#8221;Raleway|300|||||||&#8221; text_text_color=&#8221;gcid-primary-color&#8221; text_font_size=&#8221;3rem&#8221; text_line_height=&#8221;1.2em&#8221; custom_margin=&#8221;0px||0px||true|false&#8221; text_font_size_tablet=&#8221;3rem&#8221; text_font_size_phone=&#8221;3rem&#8221; text_font_size_last_edited=&#8221;on|phone&#8221; global_colors_info=&#8221;{%22gcid-primary-color%22:%91%22text_text_color%22%93}&#8221;]<\/p>\n<p><strong>Prova de Vinhos com Fado<\/strong><\/p>\n<p>[\/et_pb_text][et_pb_button button_url=&#8221;https:\/\/carvalhahouse.pt\/reservas\/&#8221; button_text=&#8221;M\u00ednimo 4 pax &#8211; 145,00\u20ac\/por pessoa&#8221; _builder_version=&#8221;4.27.6&#8243; _module_preset=&#8221;default&#8221; custom_button=&#8221;on&#8221; button_text_color=&#8221;#FFFFFF&#8221; button_bg_color=&#8221;gcid-secondary-color&#8221; button_icon_color=&#8221;#FFFFFF&#8221; hover_enabled=&#8221;0&#8243; button_text_size_tablet=&#8221;&#8221; button_text_size_phone=&#8221;19px&#8221; button_text_size_last_edited=&#8221;on|desktop&#8221; global_colors_info=&#8221;{%22gcid-secondary-color%22:%91%22button_bg_color%22%93}&#8221; sticky_enabled=&#8221;0&#8243;][\/et_pb_button][et_pb_text _builder_version=&#8221;4.27.6&#8243; _module_preset=&#8221;default&#8221; global_colors_info=&#8221;{}&#8221;]<\/p>\n<p>Num lugar com uma vista aberta sobre o rio Lima, o fi nal da tarde convida a abrandar o ritmo e a escutar o territ\u00f3rio. A experi\u00eancia come\u00e7a com uma prova de vinhos de uma quinta selecionada, onde s\u00e3o apresentados diferentes estilos e castas, revelando o car\u00e1ter e a diversidade dos vinhos da regi\u00e3o.<\/p>\n<p>\u00c0 medida que a prova decorre, a m\u00fasica surge naturalmente. Um momento de <strong>Fado ao vivo<\/strong> \u2014 express\u00e3o maior da cultura portuguesa e Patrim\u00f3nio Imaterial da Humanidade \u2014 acompanha o encontro entre vinho, paisagem e sil\u00eancio do vale.<\/p>\n<p>Para quem desejar, a experi\u00eancia pode tamb\u00e9m incluir <strong>um breve passeio junto \u00e0s margens do rio Lima,<\/strong> permitindo um primeiro contacto com a paisagem antes da prova.<\/p>\n<p class=\"p1\"><b>Dura\u00e7\u00e3o<\/b><\/p>\n<p class=\"p1\">Entre 1h30 e 2h30<\/p>\n<p class=\"p1\"><b>Inclui<\/b><\/p>\n<p class=\"p1\"><b> <\/b>\u2013 Prova de vinhos numa quinta selecionada<\/p>\n<p class=\"p1\">\u2013 Momento de Fado ao vivo<\/p>\n<p class=\"p1\">\u2013 Media\u00e7\u00e3o da experi\u00eancia por WWG<\/p>\n<p class=\"p1\">\u2013 Seguro de acidentes pessoais<\/p>\n<p class=\"p1\">\u2013 Seguro de responsabilidade civil<\/p>\n<p class=\"p1\"><i>Experi\u00eancia sujeita a agendamento pr\u00e9vio e dependente da disponibilidade dos m\u00fasicos e da quinta an<\/i>fi<i>tri\u00e3. <\/i><\/p>\n<p>[\/et_pb_text][et_pb_text _builder_version=&#8221;4.27.4&#8243; _module_preset=&#8221;default&#8221; text_font=&#8221;Raleway|300|||||||&#8221; text_text_color=&#8221;gcid-primary-color&#8221; text_font_size=&#8221;4rem&#8221; text_line_height=&#8221;1.2em&#8221; text_font_size_tablet=&#8221;3rem&#8221; text_font_size_phone=&#8221;3rem&#8221; text_font_size_last_edited=&#8221;on|phone&#8221; global_colors_info=&#8221;{%22gcid-primary-color%22:%91%22text_text_color%22%93}&#8221;]<\/p>\n<p>Reserve a sua Experi\u00eancia!<\/p>\n<p>[\/et_pb_text][et_pb_button button_url=&#8221;@ET-DC@eyJkeW5hbWljIjp0cnVlLCJjb250ZW50IjoicG9zdF9saW5rX3VybF9wYWdlIiwic2V0dGluZ3MiOnsicG9zdF9pZCI6IjU3In19@&#8221; button_text=&#8221;Reservar&#8221; _builder_version=&#8221;4.27.6&#8243; _dynamic_attributes=&#8221;button_url&#8221; _module_preset=&#8221;0b8a3f69-46c8-4c06-ad6c-e2536ead0532&#8243; custom_padding=&#8221;|45%||45%|false|true&#8221; custom_padding_tablet=&#8221;|45%||45%|false|true&#8221; custom_padding_phone=&#8221;|40%||40%|false|true&#8221; custom_padding_last_edited=&#8221;on|phone&#8221; global_colors_info=&#8221;{}&#8221;][\/et_pb_button][\/et_pb_column][et_pb_column type=&#8221;1_2&#8243; _builder_version=&#8221;4.27.4&#8243; _module_preset=&#8221;default&#8221; global_colors_info=&#8221;{}&#8221;][et_pb_image src=&#8221;https:\/\/carvalhahouse.pt\/wp-content\/uploads\/2026\/01\/IMG_4891.jpg&#8221; title_text=&#8221;IMG_4891&#8243; _builder_version=&#8221;4.27.5&#8243; _module_preset=&#8221;default&#8221; global_colors_info=&#8221;{}&#8221;][\/et_pb_image][\/et_pb_column][\/et_pb_row][\/et_pb_section]<\/p>\n","protected":false},"excerpt":{"rendered":"<p>As melhores experi\u00eancias do Minho s\u00e3o proporcionadas pela Carvalha House.Prova de Vinhos com FadoNum lugar com uma vista aberta sobre o rio Lima, o fi nal da tarde convida a abrandar o ritmo e a escutar o territ\u00f3rio. A experi\u00eancia come\u00e7a com uma prova de vinhos de uma quinta selecionada, onde s\u00e3o apresentados diferentes estilos [&hellip;]<\/p>\n","protected":false},"author":2,"featured_media":0,"parent":0,"menu_order":0,"comment_status":"closed","ping_status":"closed","template":"","meta":{"_et_pb_use_builder":"on","_et_pb_old_content":"","_et_gb_content_width":"","footnotes":""},"hf_cat_page":[],"class_list":["post-1227","page","type-page","status-publish","hentry"],"_links":{"self":[{"href":"https:\/\/carvalhahouse.pt\/en\/wp-json\/wp\/v2\/pages\/1227","targetHints":{"allow":["GET"]}}],"collection":[{"href":"https:\/\/carvalhahouse.pt\/en\/wp-json\/wp\/v2\/pages"}],"about":[{"href":"https:\/\/carvalhahouse.pt\/en\/wp-json\/wp\/v2\/types\/page"}],"author":[{"embeddable":true,"href":"https:\/\/carvalhahouse.pt\/en\/wp-json\/wp\/v2\/users\/2"}],"replies":[{"embeddable":true,"href":"https:\/\/carvalhahouse.pt\/en\/wp-json\/wp\/v2\/comments?post=1227"}],"version-history":[{"count":10,"href":"https:\/\/carvalhahouse.pt\/en\/wp-json\/wp\/v2\/pages\/1227\/revisions"}],"predecessor-version":[{"id":1483,"href":"https:\/\/carvalhahouse.pt\/en\/wp-json\/wp\/v2\/pages\/1227\/revisions\/1483"}],"wp:attachment":[{"href":"https:\/\/carvalhahouse.pt\/en\/wp-json\/wp\/v2\/media?parent=1227"}],"wp:term":[{"taxonomy":"hf_cat_page","embeddable":true,"href":"https:\/\/carvalhahouse.pt\/en\/wp-json\/wp\/v2\/hf_cat_page?post=1227"}],"curies":[{"name":"wp","href":"https:\/\/api.w.org\/{rel}","templated":true}]}}